{"id":110803,"date":"2021-05-27T12:50:56","date_gmt":"2021-05-27T12:50:56","guid":{"rendered":"http:\/\/plastcom.pl\/?page_id=110803"},"modified":"2026-03-01T20:08:31","modified_gmt":"2026-03-01T20:08:31","slug":"plast-com","status":"publish","type":"page","link":"https:\/\/plastcom.pl\/","title":{"rendered":"PlastCOM Zapewniamy najlepszy Internet w Redzie, Rumi, Wejherowie i Pucku\u2026dostawca us\u0142ug multimedialnych"},"content":{"rendered":"<p>[et_pb_section fb_built=&#8221;1&#8243; _builder_version=&#8221;4.16&#8243; _module_preset=&#8221;default&#8221; background_color=&#8221;#FFFFFF&#8221; use_background_color_gradient=&#8221;on&#8221; background_color_gradient_stops=&#8221;#ffffff 0%|#ededed 100%&#8221; background_color_gradient_start=&#8221;#ffffff&#8221; background_color_gradient_end=&#8221;#ededed&#8221; custom_margin=&#8221;0px||0px||true|false&#8221; custom_padding=&#8221;||34px||false|false&#8221; bottom_divider_style=&#8221;curve&#8221; bottom_divider_color=&#8221;#FFFFFF&#8221; global_colors_info=&#8221;{}&#8221;][et_pb_row _builder_version=&#8221;4.16&#8243; _module_preset=&#8221;default&#8221; custom_margin=&#8221;0px||0px||true|false&#8221; custom_padding=&#8221;0px||0px||true|false&#8221; global_colors_info=&#8221;{}&#8221;][et_pb_column type=&#8221;4_4&#8243; _builder_version=&#8221;4.16&#8243; _module_preset=&#8221;default&#8221; global_colors_info=&#8221;{}&#8221;][et_pb_slider arrows_custom_color=&#8221;#000000&#8243; dot_nav_custom_color=&#8221;#000000&#8243; module_id=&#8221;slajdy&#8221; _builder_version=&#8221;4.27.5&#8243; _module_preset=&#8221;default&#8221; background_color=&#8221;RGBA(0,0,0,0)&#8221; module_alignment=&#8221;center&#8221; custom_margin=&#8221;0px||0px||true|false&#8221; custom_padding=&#8221;0px||0px||true|false&#8221; hover_enabled=&#8221;0&#8243; global_colors_info=&#8221;{}&#8221; sticky_enabled=&#8221;0&#8243;][et_pb_slide _builder_version=&#8221;4.27.5&#8243; _module_preset=&#8221;default&#8221; background_color=&#8221;RGBA(0,0,0,0)&#8221; background_enable_color=&#8221;on&#8221; custom_padding=&#8221;0px|0px|90px|0px|false|true&#8221; link_option_url=&#8221;\/?page_id=824#content&#8221; hover_enabled=&#8221;0&#8243; global_colors_info=&#8221;{}&#8221; sticky_transition=&#8221;on&#8221; sticky_enabled=&#8221;0&#8243;]<\/p>\n<p><a href=\"https:\/\/plastcom.pl\/?page_id=824#content\"><img loading=\"lazy\" decoding=\"async\" src=\"https:\/\/plastcom.pl\/wp-content\/uploads\/2026\/03\/2026-tel.jpg\" width=\"960\" height=\"400\" alt=\"Super promocja Telewizja + Internet\" class=\"wp-image-185443 aligncenter size-full\" \/><\/a><\/p>\n<p>[\/et_pb_slide][et_pb_slide _builder_version=&#8221;4.27.5&#8243; _module_preset=&#8221;default&#8221; background_color=&#8221;RGBA(0,0,0,0)&#8221; background_enable_color=&#8221;on&#8221; custom_padding=&#8221;0px|0px|90px|0px|false|true&#8221; link_option_url=&#8221;\/?p=44&#8243; hover_enabled=&#8221;0&#8243; global_colors_info=&#8221;{}&#8221; sticky_transition=&#8221;on&#8221; sticky_enabled=&#8221;0&#8243;]<a href=\"https:\/\/plastcom.pl\/?p=44\"><img loading=\"lazy\" decoding=\"async\" src=\"https:\/\/plastcom.pl\/wp-content\/uploads\/2026\/03\/2026-net.jpg\" width=\"960\" height=\"400\" alt=\"Najszybszy internet w okolicy w cenach nie do pobicia ju\u017c od 49,90 z\u0142\" class=\"wp-image-185444 aligncenter size-full\" \/><\/a>[\/et_pb_slide][et_pb_slide _builder_version=&#8221;4.17.6&#8243; _module_preset=&#8221;default&#8221; background_color=&#8221;RGBA(0,0,0,0)&#8221; background_enable_color=&#8221;on&#8221; custom_padding=&#8221;0px|0px|90px|0px|false|true&#8221; link_option_url=&#8221;\/?p=48&#8243; global_colors_info=&#8221;{}&#8221; sticky_transition=&#8221;on&#8221;]<\/p>\n<p><img loading=\"lazy\" decoding=\"async\" class=\"wp-image-184989 alignnone size-full\" src=\"https:\/\/plastcom.pl\/wp-content\/uploads\/2022\/10\/plastcom-baner-wifi-2022.jpg\" alt=\"\" width=\"960\" height=\"400\" \/><\/p>\n<p>[\/et_pb_slide][et_pb_slide _builder_version=&#8221;4.16&#8243; _module_preset=&#8221;default&#8221; background_color=&#8221;RGBA(0,0,0,0)&#8221; background_enable_color=&#8221;on&#8221; custom_padding=&#8221;0px|0px|90px|0px|false|true&#8221; link_option_url=&#8221;\/?p=57&#8243; global_colors_info=&#8221;{}&#8221; sticky_transition=&#8221;on&#8221;]<img loading=\"lazy\" decoding=\"async\" class=\"wp-image-110812 aligncenter size-full\" src=\"https:\/\/plastcom.pl\/wp-content\/uploads\/2021\/05\/strlefonia.jpg\" alt=\"\" width=\"960\" height=\"400\" \/>[\/et_pb_slide][\/et_pb_slider][\/et_pb_column][\/et_pb_row][\/et_pb_section][et_pb_section fb_built=&#8221;1&#8243; _builder_version=&#8221;4.16&#8243; _module_preset=&#8221;default&#8221; background_color=&#8221;#f9f9f9&#8243; use_background_color_gradient=&#8221;on&#8221; background_color_gradient_stops=&#8221;#ffffff 0%|#f4f4f4 100%&#8221; background_color_gradient_start=&#8221;#ffffff&#8221; background_color_gradient_end=&#8221;#f4f4f4&#8243; module_alignment=&#8221;center&#8221; custom_margin=&#8221;0px||0px||true|false&#8221; custom_padding=&#8221;40px||40px||true|false&#8221; global_colors_info=&#8221;{}&#8221;][et_pb_row column_structure=&#8221;1_3,1_3,1_3&#8243; make_equal=&#8221;on&#8221; module_id=&#8221;minioferta&#8221; _builder_version=&#8221;4.16&#8243; _module_preset=&#8221;default&#8221; max_width=&#8221;980px&#8221; module_alignment=&#8221;center&#8221; custom_margin=&#8221;0px||0px||true|false&#8221; custom_padding=&#8221;0px||0px||true|false&#8221; global_colors_info=&#8221;{}&#8221;][et_pb_column type=&#8221;1_3&#8243; _builder_version=&#8221;4.16&#8243; _module_preset=&#8221;default&#8221; background_color=&#8221;#FFFFFF&#8221; custom_padding=&#8221;20px||20px||true|false&#8221; border_radii=&#8221;on|6px|6px|6px|6px&#8221; box_shadow_style=&#8221;preset2&#8243; global_colors_info=&#8221;{}&#8221;][et_pb_blurb title=&#8221;Internet stacjonarny&#8221; url=&#8221;\/?p=44&#8243; image=&#8221;https:\/\/plastcom.pl\/wp-content\/uploads\/2021\/06\/Internet-stacjonarny.png&#8221; _builder_version=&#8221;4.23.4&#8243; _module_preset=&#8221;default&#8221; header_text_align=&#8221;center&#8221; body_text_align=&#8221;center&#8221; link_option_url=&#8221;\/?p=44&#8243; global_colors_info=&#8221;{}&#8221;]<\/p>\n<p><a title=\"Mamy najlepszy internet w Redzie!\" href=\"\/?p=44\">Mamy najlepszy Internet w Redzie, Rumi, Wejherowie i okolicach.\u00a0<\/a><br \/><strong>\u00a0abonamenty ju\u017c od 49.90 z\u0142\u00a0<\/strong><br \/>pr\u0119dko\u015bci do 4000 Mbit\u00f3w<br \/><strong>\u00a0instalacja 1 z\u0142\u00a0<\/strong><br \/>najwi\u0119kszy operator w okolicy<br \/><strong>\u00a0brak limit\u00f3w \u015bci\u0105gania danych\u00a0<\/strong><br \/>serwis i pomoc na miejscu<br \/><strong>\u00a0tak\u017ce wieczorem i w weekendy\u00a0<\/strong><\/p>\n<p>[\/et_pb_blurb][et_pb_button button_url=&#8221;\/?p=44&#8243; button_text=&#8221;Sprawd\u017a&#8221; button_alignment=&#8221;center&#8221; _builder_version=&#8221;4.23.4&#8243; _module_preset=&#8221;default&#8221; global_colors_info=&#8221;{}&#8221;][\/et_pb_button][\/et_pb_column][et_pb_column type=&#8221;1_3&#8243; _builder_version=&#8221;4.16&#8243; _module_preset=&#8221;default&#8221; background_color=&#8221;#FFFFFF&#8221; custom_padding=&#8221;20px||20px||true|false&#8221; border_radii=&#8221;on|6px|6px|6px|6px&#8221; box_shadow_style=&#8221;preset2&#8243; global_colors_info=&#8221;{}&#8221;][et_pb_blurb title=&#8221;Telefonia&#8221; url=&#8221;\/?p=57&#8243; image=&#8221;https:\/\/plastcom.pl\/wp-content\/uploads\/2021\/06\/Telefonia.png&#8221; _builder_version=&#8221;4.20.2&#8243; _module_preset=&#8221;default&#8221; header_text_align=&#8221;center&#8221; body_text_align=&#8221;center&#8221; link_option_url=&#8221;\/?p=57&#8243; global_colors_info=&#8221;{}&#8221;]<\/p>\n<p><a href=\"\/?p=57\">\u00a0Doskona\u0142e i tanie rozmowy!\u00a0<\/a><\/p>\n<p><strong>\u00a0telefon od 14z\u0142 miesi\u0119cznie\u00a0<\/strong><br \/>\u00a0600 sekund na rozmowy lokalne\u00a0<br \/><strong>\u00a0naliczanie sekundowe\u00a0<\/strong><br \/>\u00a0minuta rozmowy od 8 groszy netto\u00a0<br \/><strong>\u00a0zagranica od 15 groszy netto\u00a0<\/strong><br \/>\u00a0rozmowy wewn\u0105trz sieci gratis\u00a0<br \/><strong>\u00a0cyfrowa jako\u015b\u0107 rozm\u00f3w\u00a0<\/strong><\/p>\n<p>[\/et_pb_blurb][et_pb_button button_url=&#8221;\/?p=57&#8243; button_text=&#8221;Sprawd\u017a&#8221; button_alignment=&#8221;center&#8221; _builder_version=&#8221;4.23.4&#8243; _module_preset=&#8221;default&#8221; global_colors_info=&#8221;{}&#8221;][\/et_pb_button][\/et_pb_column][et_pb_column type=&#8221;1_3&#8243; _builder_version=&#8221;4.16&#8243; _module_preset=&#8221;default&#8221; background_color=&#8221;#FFFFFF&#8221; custom_padding=&#8221;20px||20px||true|false&#8221; border_radii=&#8221;on|6px|6px|6px|6px&#8221; box_shadow_style=&#8221;preset2&#8243; global_colors_info=&#8221;{}&#8221;][et_pb_blurb title=&#8221;Telewizja&#8221; url=&#8221;\/?page_id=824#content&#8221; image=&#8221;https:\/\/plastcom.pl\/wp-content\/uploads\/2021\/06\/Telewizja.png&#8221; _builder_version=&#8221;4.22.1&#8243; _module_preset=&#8221;default&#8221; header_text_align=&#8221;center&#8221; body_text_align=&#8221;center&#8221; link_option_url=&#8221;\/?page_id=824#content&#8221; global_colors_info=&#8221;{}&#8221;]<a href=\"\/?page_id=824#content\">\u00a0Ogromny wyb\u00f3r kana\u0142\u00f3w!\u00a0<\/a><\/p>\n<p><strong>\u00a0telewizja kablowa 3 generacji\u00a0<\/strong><br \/>\nbogaty wyb\u00f3r kana\u0142\u00f3w<br \/>\n<strong>\u00a0kana\u0142y 4K UHD w ofercie\u00a0<\/strong><br \/>\nus\u0142ugi interaktywne<br \/>\n<strong>\u00a0szybki dost\u0119p do informacji\u00a0<\/strong><br \/>\nkorzystny abonament<br \/>\n<strong>\u00a0atrakcyjne pakiety\u00a0<\/strong>[\/et_pb_blurb][et_pb_button button_url=&#8221;\/?page_id=824#content&#8221; button_text=&#8221;Sprawd\u017a&#8221; button_alignment=&#8221;center&#8221; _builder_version=&#8221;4.23.4&#8243; _module_preset=&#8221;default&#8221; global_colors_info=&#8221;{}&#8221;][\/et_pb_button][\/et_pb_column][\/et_pb_row][\/et_pb_section]<\/p>\n","protected":false},"excerpt":{"rendered":"<p>Mamy najlepszy Internet w Redzie, Rumi, Wejherowie i okolicach.\u00a0\u00a0abonamenty ju\u017c od 49.90 z\u0142\u00a0pr\u0119dko\u015bci do 4000 Mbit\u00f3w\u00a0instalacja 1 z\u0142\u00a0najwi\u0119kszy operator w okolicy\u00a0brak limit\u00f3w \u015bci\u0105gania danych\u00a0serwis i pomoc na miejscu\u00a0tak\u017ce wieczorem i w weekendy\u00a0\u00a0Doskona\u0142e i tanie rozmowy!\u00a0 \u00a0telefon od 14z\u0142 miesi\u0119cznie\u00a0\u00a0600 sekund na rozmowy lokalne\u00a0\u00a0naliczanie sekundowe\u00a0\u00a0minuta rozmowy od 8 groszy netto\u00a0\u00a0zagranica od 15 groszy netto\u00a0\u00a0rozmowy wewn\u0105trz sieci [&hellip;]<\/p>\n","protected":false},"author":11,"featured_media":185335,"parent":0,"menu_order":0,"comment_status":"closed","ping_status":"closed","template":"","meta":{"_et_pb_use_builder":"on","_et_pb_old_content":"<p>[et_pb_section fb_built=\"1\" _builder_version=\"4.16\" _module_preset=\"default\" background_color=\"#FFFFFF\" use_background_color_gradient=\"on\" background_color_gradient_stops=\"#ffffff 0%|#ededed 100%\" background_color_gradient_start=\"#ffffff\" background_color_gradient_end=\"#ededed\" custom_margin=\"0px||0px||true|false\" custom_padding=\"||34px||false|false\" bottom_divider_style=\"curve\" bottom_divider_color=\"#FFFFFF\" global_colors_info=\"{}\"][et_pb_row _builder_version=\"4.16\" _module_preset=\"default\" custom_margin=\"0px||0px||true|false\" custom_padding=\"0px||0px||true|false\" global_colors_info=\"{}\"][et_pb_column type=\"4_4\" _builder_version=\"4.16\" _module_preset=\"default\" global_colors_info=\"{}\"][et_pb_slider arrows_custom_color=\"#000000\" dot_nav_custom_color=\"#000000\" module_id=\"slajdy\" _builder_version=\"4.17.6\" _module_preset=\"default\" background_color=\"RGBA(0,0,0,0)\" module_alignment=\"center\" custom_margin=\"0px||0px||true|false\" custom_padding=\"0px||0px||true|false\" hover_enabled=\"0\" global_colors_info=\"{}\" sticky_enabled=\"0\"][et_pb_slide _builder_version=\"4.17.6\" _module_preset=\"default\" background_color=\"RGBA(0,0,0,0)\" background_enable_color=\"on\" custom_padding=\"0px|0px|90px|0px|false|true\" link_option_url=\"\/?page_id=824#content\" hover_enabled=\"0\" global_colors_info=\"{}\" sticky_transition=\"on\" sticky_enabled=\"0\"]<\/p><p><img class=\"wp-image-185033 alignnone size-full\" src=\"https:\/\/plastcom.pl\/wp-content\/uploads\/2023\/01\/plastcom-tvnet-2023-6.jpg\" alt=\"\" width=\"960\" height=\"400\" \/><\/p><p>[\/et_pb_slide][et_pb_slide _builder_version=\"4.16\" _module_preset=\"default\" background_color=\"RGBA(0,0,0,0)\" background_enable_color=\"on\" custom_padding=\"0px|0px|90px|0px|false|true\" link_option_url=\"\/?p=44\" global_colors_info=\"{}\" sticky_transition=\"on\"]<\/p><p><img class=\"wp-image-110810 aligncenter size-full\" src=\"https:\/\/plastcom.pl\/wp-content\/uploads\/2021\/05\/net-2021-1.png\" alt=\"\" width=\"960\" height=\"400\" \/><\/p><p>[\/et_pb_slide][et_pb_slide _builder_version=\"4.17.6\" _module_preset=\"default\" background_color=\"RGBA(0,0,0,0)\" background_enable_color=\"on\" custom_padding=\"0px|0px|90px|0px|false|true\" link_option_url=\"\/?p=48\" global_colors_info=\"{}\" sticky_transition=\"on\"]<\/p><p><img class=\"wp-image-184989 alignnone size-full\" src=\"https:\/\/plastcom.pl\/wp-content\/uploads\/2022\/10\/plastcom-baner-wifi-2022.jpg\" alt=\"\" width=\"960\" height=\"400\" \/><\/p><p>[\/et_pb_slide][et_pb_slide _builder_version=\"4.16\" _module_preset=\"default\" background_color=\"RGBA(0,0,0,0)\" background_enable_color=\"on\" custom_padding=\"0px|0px|90px|0px|false|true\" link_option_url=\"\/?p=57\" global_colors_info=\"{}\" sticky_transition=\"on\"]<img class=\"wp-image-110812 aligncenter size-full\" src=\"https:\/\/plastcom.pl\/wp-content\/uploads\/2021\/05\/strlefonia.jpg\" alt=\"\" width=\"960\" height=\"400\" \/>[\/et_pb_slide][\/et_pb_slider][\/et_pb_column][\/et_pb_row][\/et_pb_section][et_pb_section fb_built=\"1\" _builder_version=\"4.16\" _module_preset=\"default\" background_color=\"#f9f9f9\" use_background_color_gradient=\"on\" background_color_gradient_stops=\"#ffffff 0%|#f4f4f4 100%\" background_color_gradient_start=\"#ffffff\" background_color_gradient_end=\"#f4f4f4\" module_alignment=\"center\" custom_margin=\"0px||0px||true|false\" custom_padding=\"40px||40px||true|false\" global_colors_info=\"{}\"][et_pb_row column_structure=\"1_3,1_3,1_3\" make_equal=\"on\" module_id=\"minioferta\" _builder_version=\"4.16\" _module_preset=\"default\" max_width=\"980px\" module_alignment=\"center\" custom_margin=\"0px||0px||true|false\" custom_padding=\"0px||0px||true|false\" global_colors_info=\"{}\"][et_pb_column type=\"1_3\" _builder_version=\"4.16\" _module_preset=\"default\" background_color=\"#FFFFFF\" custom_padding=\"20px||20px||true|false\" border_radii=\"on|6px|6px|6px|6px\" box_shadow_style=\"preset2\" global_colors_info=\"{}\"][et_pb_blurb title=\"Internet stacjonarny\" url=\"\/?p=44\" image=\"https:\/\/plastcom.pl\/wp-content\/uploads\/2021\/06\/Internet-stacjonarny.png\" _builder_version=\"4.17.6\" _module_preset=\"default\" header_text_align=\"center\" body_text_align=\"center\" link_option_url=\"\/?p=44\" global_colors_info=\"{}\"]<\/p><p><a title=\"Mamy najlepszy internet w Redzie!\" href=\"\/?p=44\">Mamy najlepszy Internet w Redzie, Rumi, Wejherowie i okolicach.<\/a><br \/><strong>abonamenty ju\u017c od 44,90 z\u0142<\/strong><br \/>pr\u0119dko\u015bci do 1000 Mbit\u00f3w<br \/><strong>instalacja 1 z\u0142<\/strong><br \/>najwi\u0119kszy operator w okolicy<br \/><strong>brak limit\u00f3w \u015bci\u0105gania danych<\/strong><br \/>serwis i pomoc na miejscu<br \/><strong>tak\u017ce wieczorem i w weekendy<\/strong><\/p><p>[\/et_pb_blurb][et_pb_button button_url=\"\/?p=44\" button_text=\"Oferta\" button_alignment=\"center\" _builder_version=\"4.16\" _module_preset=\"default\" global_colors_info=\"{}\"][\/et_pb_button][\/et_pb_column][et_pb_column type=\"1_3\" _builder_version=\"4.16\" _module_preset=\"default\" background_color=\"#FFFFFF\" custom_padding=\"20px||20px||true|false\" border_radii=\"on|6px|6px|6px|6px\" box_shadow_style=\"preset2\" global_colors_info=\"{}\"][et_pb_blurb title=\"Telefonia\" url=\"\/?p=57\" image=\"https:\/\/plastcom.pl\/wp-content\/uploads\/2021\/06\/Telefonia.png\" _builder_version=\"4.16\" _module_preset=\"default\" header_text_align=\"center\" body_text_align=\"center\" link_option_url=\"\/?p=57\" global_colors_info=\"{}\"]<\/p><p><a href=\"\/?p=57\">Doskona\u0142e i tanie rozmowy!<\/a><\/p><p><strong>telefon od 14z\u0142 miesi\u0119cznie<\/strong><br \/>600 sekund na rozmowy lokalne<br \/><strong>naliczanie sekundowe<\/strong><br \/>minuta rozmowy od 8 groszy netto<br \/><strong>zagranica od 15 groszy netto<\/strong><br \/>rozmowy wewn\u0105trz sieci gratis<br \/><strong>cyfrowa jako\u015b\u0107 rozm\u00f3w<\/strong><\/p><p>[\/et_pb_blurb][et_pb_button button_url=\"\/?p=57\" button_text=\"Oferta\" button_alignment=\"center\" _builder_version=\"4.16\" _module_preset=\"default\" global_colors_info=\"{}\"][\/et_pb_button][\/et_pb_column][et_pb_column type=\"1_3\" _builder_version=\"4.16\" _module_preset=\"default\" background_color=\"#FFFFFF\" custom_padding=\"20px||20px||true|false\" border_radii=\"on|6px|6px|6px|6px\" box_shadow_style=\"preset2\" global_colors_info=\"{}\"][et_pb_blurb title=\"Telewizja\" url=\"\/?page_id=824#content\" image=\"https:\/\/plastcom.pl\/wp-content\/uploads\/2021\/06\/Telewizja.png\" _builder_version=\"4.16\" _module_preset=\"default\" header_text_align=\"center\" body_text_align=\"center\" link_option_url=\"\/?page_id=824#content\" global_colors_info=\"{}\"]<\/p><p><a href=\"\/?page_id=824#content\">Ogromny wyb\u00f3r kana\u0142\u00f3w!<\/a><\/p><p><strong>telewizja kablowa 3 generacji<\/strong><br \/>bogaty wyb\u00f3r kana\u0142\u00f3w<br \/><strong>kana\u0142y HD w ofercie<\/strong><br \/>us\u0142ugi interaktywne<br \/><strong>szybki dost\u0119p do informacji<\/strong><br \/>korzystny abonament<br \/><strong>atrakcyjne pakiety<\/strong><\/p><p>[\/et_pb_blurb][et_pb_button button_url=\"\/?page_id=824#content\" button_text=\"Oferta\" button_alignment=\"center\" _builder_version=\"4.16\" _module_preset=\"default\" global_colors_info=\"{}\"][\/et_pb_button][\/et_pb_column][\/et_pb_row][\/et_pb_section]<\/p>","_et_gb_content_width":"","footnotes":""},"class_list":["post-110803","page","type-page","status-publish","has-post-thumbnail","hentry"],"jetpack_sharing_enabled":true,"_links":{"self":[{"href":"https:\/\/plastcom.pl\/index.php?rest_route=\/wp\/v2\/pages\/110803","targetHints":{"allow":["GET"]}}],"collection":[{"href":"https:\/\/plastcom.pl\/index.php?rest_route=\/wp\/v2\/pages"}],"about":[{"href":"https:\/\/plastcom.pl\/index.php?rest_route=\/wp\/v2\/types\/page"}],"author":[{"embeddable":true,"href":"https:\/\/plastcom.pl\/index.php?rest_route=\/wp\/v2\/users\/11"}],"replies":[{"embeddable":true,"href":"https:\/\/plastcom.pl\/index.php?rest_route=%2Fwp%2Fv2%2Fcomments&post=110803"}],"version-history":[{"count":63,"href":"https:\/\/plastcom.pl\/index.php?rest_route=\/wp\/v2\/pages\/110803\/revisions"}],"predecessor-version":[{"id":185446,"href":"https:\/\/plastcom.pl\/index.php?rest_route=\/wp\/v2\/pages\/110803\/revisions\/185446"}],"wp:featuredmedia":[{"embeddable":true,"href":"https:\/\/plastcom.pl\/index.php?rest_route=\/wp\/v2\/media\/185335"}],"wp:attachment":[{"href":"https:\/\/plastcom.pl\/index.php?rest_route=%2Fwp%2Fv2%2Fmedia&parent=110803"}],"curies":[{"name":"wp","href":"https:\/\/api.w.org\/{rel}","templated":true}]}}