{"id":110947,"date":"2021-07-18T18:51:16","date_gmt":"2021-07-18T18:51:16","guid":{"rendered":"http:\/\/plastcom.pl\/?page_id=110947"},"modified":"2022-03-25T18:05:19","modified_gmt":"2022-03-25T18:05:19","slug":"zapytania-o-cene","status":"publish","type":"page","link":"https:\/\/plastcom.pl\/?page_id=110947","title":{"rendered":"Zapytania o cen\u0119"},"content":{"rendered":"<p>Uprzejmie prosimy o sk\u0142adanie ofert cenowych.<\/p>\n<p>Oferty prosimy wysy\u0142a\u0107 na adres mailowy: <a href=\"mailto:marcin.skucha@plastcom.pl\">marcin.skucha@plastcom.pl<\/a><\/p>\n<p>Poni\u017cej lista planowanych zakup\u00f3w z parametrami koniecznymi do spe\u0142nienia:<\/p>\n<p><a href=\"https:\/\/plastcom.pl\/pliki\/200-SZT-ONT-ONU.pdf\">200 SZT ONT-ONU<\/a><\/p>\n<p><a href=\"https:\/\/plastcom.pl\/pliki\/6-SZT-KONCENTRATORY.pdf\">6 SZT KONCENTRATORY<\/a><\/p>\n<p><a href=\"https:\/\/plastcom.pl\/pliki\/SPAWARKA-REFLEKTOMETR.pdf\">SPAWARKA REFLEKTOMETR<\/a><\/p>\n<p><a href=\"https:\/\/plastcom.pl\/wp-content\/uploads\/2022\/03\/silownia.pdf\">SI\u0141OWNIA TELEKOMUNIKACYJNA<\/a><\/p>\n","protected":false},"excerpt":{"rendered":"<p>Uprzejmie prosimy o sk\u0142adanie ofert cenowych. Oferty prosimy wysy\u0142a\u0107 na adres mailowy: marcin.skucha@plastcom.pl Poni\u017cej lista planowanych zakup\u00f3w z parametrami koniecznymi do spe\u0142nienia: 200 SZT ONT-ONU 6 SZT KONCENTRATORY SPAWARKA REFLEKTOMETR SI\u0141OWNIA TELEKOMUNIKACYJNA<\/p>\n","protected":false},"author":11,"featured_media":0,"parent":0,"menu_order":0,"comment_status":"closed","ping_status":"closed","template":"","meta":{"_et_pb_use_builder":"","_et_pb_old_content":"","_et_gb_content_width":"","footnotes":""},"class_list":["post-110947","page","type-page","status-publish","hentry"],"jetpack_sharing_enabled":true,"_links":{"self":[{"href":"https:\/\/plastcom.pl\/index.php?rest_route=\/wp\/v2\/pages\/110947","targetHints":{"allow":["GET"]}}],"collection":[{"href":"https:\/\/plastcom.pl\/index.php?rest_route=\/wp\/v2\/pages"}],"about":[{"href":"https:\/\/plastcom.pl\/index.php?rest_route=\/wp\/v2\/types\/page"}],"author":[{"embeddable":true,"href":"https:\/\/plastcom.pl\/index.php?rest_route=\/wp\/v2\/users\/11"}],"replies":[{"embeddable":true,"href":"https:\/\/plastcom.pl\/index.php?rest_route=%2Fwp%2Fv2%2Fcomments&post=110947"}],"version-history":[{"count":7,"href":"https:\/\/plastcom.pl\/index.php?rest_route=\/wp\/v2\/pages\/110947\/revisions"}],"predecessor-version":[{"id":161628,"href":"https:\/\/plastcom.pl\/index.php?rest_route=\/wp\/v2\/pages\/110947\/revisions\/161628"}],"wp:attachment":[{"href":"https:\/\/plastcom.pl\/index.php?rest_route=%2Fwp%2Fv2%2Fmedia&parent=110947"}],"curies":[{"name":"wp","href":"https:\/\/api.w.org\/{rel}","templated":true}]}}