{"id":171911,"date":"2022-05-08T04:38:33","date_gmt":"2022-05-08T04:38:33","guid":{"rendered":"http:\/\/plastcom.pl\/?page_id=171911"},"modified":"2024-11-26T14:57:51","modified_gmt":"2024-11-26T14:57:51","slug":"kontakt","status":"publish","type":"page","link":"https:\/\/plastcom.pl\/?page_id=171911","title":{"rendered":"Kontakt"},"content":{"rendered":"<p>[et_pb_section fb_built=&#8221;1&#8243; _builder_version=&#8221;4.17.3&#8243; _module_preset=&#8221;default&#8221; background_color=&#8221;#FFFFFF&#8221; use_background_color_gradient=&#8221;on&#8221; background_color_gradient_stops=&#8221;#ffffff 0%|#ededed 100%&#8221; background_color_gradient_start=&#8221;#ffffff&#8221; background_color_gradient_end=&#8221;#ededed&#8221; background_image=&#8221;https:\/\/plastcom.pl\/wp-content\/uploads\/2021\/07\/baner-8.jpg&#8221; custom_margin=&#8221;0px||0px||true|false&#8221; custom_padding=&#8221;||34px||false|false&#8221; bottom_divider_style=&#8221;curve&#8221; bottom_divider_color=&#8221;#FFFFFF&#8221; global_colors_info=&#8221;{}&#8221;][et_pb_row _builder_version=&#8221;4.16&#8243; _module_preset=&#8221;default&#8221; custom_margin=&#8221;0px||0px||true|false&#8221; custom_padding=&#8221;0px||0px||true|false&#8221; global_colors_info=&#8221;{}&#8221;][et_pb_column type=&#8221;4_4&#8243; _builder_version=&#8221;4.16&#8243; _module_preset=&#8221;default&#8221; global_colors_info=&#8221;{}&#8221;][et_pb_post_title meta=&#8221;off&#8221; featured_image=&#8221;off&#8221; _builder_version=&#8221;4.16&#8243; _module_preset=&#8221;default&#8221; title_font=&#8221;|||on|||||&#8221; title_text_align=&#8221;center&#8221; title_text_color=&#8221;#FFFFFF&#8221; meta_text_align=&#8221;center&#8221; background_enable_image=&#8221;off&#8221; background_size=&#8221;initial&#8221; custom_padding=&#8221;150px||150px||true|false&#8221; custom_padding_tablet=&#8221;120px||120px||true|false&#8221; custom_padding_phone=&#8221;50px||50px||true|false&#8221; custom_padding_last_edited=&#8221;on|phone&#8221; title_text_shadow_style=&#8221;preset1&#8243; title_text_shadow_color=&#8221;rgba(0,0,0,0.11)&#8221; global_colors_info=&#8221;{}&#8221;][\/et_pb_post_title][\/et_pb_column][\/et_pb_row][\/et_pb_section][et_pb_section fb_built=&#8221;1&#8243; _builder_version=&#8221;4.16&#8243; global_colors_info=&#8221;{}&#8221;][et_pb_row column_structure=&#8221;2_3,1_3&#8243; _builder_version=&#8221;4.16&#8243; background_size=&#8221;initial&#8221; background_position=&#8221;top_left&#8221; background_repeat=&#8221;repeat&#8221; global_colors_info=&#8221;{}&#8221;][et_pb_column type=&#8221;2_3&#8243; _builder_version=&#8221;4.16&#8243; custom_padding=&#8221;|||&#8221; global_colors_info=&#8221;{}&#8221; custom_padding__hover=&#8221;|||&#8221;][et_pb_text _builder_version=&#8221;4.23.4&#8243; background_size=&#8221;initial&#8221; background_position=&#8221;top_left&#8221; background_repeat=&#8221;repeat&#8221; hover_enabled=&#8221;0&#8243; global_colors_info=&#8221;{}&#8221; sticky_enabled=&#8221;0&#8243;]<\/p>\n<div class='one_half'>\n\t\t\t\t\t<h3><strong>PLASTCOM<\/strong><\/h3>\n<p>84-240 Reda, ul. Norwida 47 (budynek Sp\u00f3\u0142dzielni Mieszkaniowej \u201eReda\u201d)<\/p>\n<p>Telefon:\u00a0<a href=\"tel:587405050\"><strong>(58) 740-50-50<\/strong><\/a>\u00a0Biuro: <a href=\"tel:586783447\">(58) 678-34-47<\/a> Mail:\u00a0<a href=\"mailto:bok@plastcom.pl\" target=\"_blank\" rel=\"noopener\">bok@plastcom.pl<\/a><\/p>\n\t\t\t\t<\/div><div class='one_half et_column_last'>\n\t\t\t\t\t<h3><strong>Godziny otwarcia<\/strong>:<\/h3>\n<p>poniedzia\u0142ek \u2013 pi\u0105tek\u00a0<strong>9.00 \u2013 17.00\u00a0<\/strong>sobota, niedziela \u2013\u00a0<strong>nieczynne<\/strong><\/p>\n<p><strong>Telefon Alarmowy: <a href=\"tel:+48606106952\">606-106-952<\/a><\/strong>\u00a0codziennie od godziny\u00a0<strong>9.00<\/strong>\u00a0do godziny\u00a0<strong>22.00<\/strong><\/p>\n<p><strong>Gadu-Gadu:\u00a0<\/strong><a><img loading=\"lazy\" decoding=\"async\" class=\"CToWUd\" src=\"https:\/\/ci3.googleusercontent.com\/meips\/ADKq_NafeHdI_VvuPpwdBv30rpvXM4zHDxWIN84kIEcR8BCQs-PAYxm8Abe8JZhgtFuBAvzMOBgQTxovGh0zHtMw-GyEGE6uNnhXtLE=s0-d-e1-ft#http:\/\/www.gadu-gadu.pl\/users\/status.asp?id=1931350\" alt=\"\" width=\"14\" height=\"14\" border=\"0\" data-bit=\"iit\" \/>\u00a01931350<\/a><\/p>\n\t\t\t\t<\/div><div class='clear'><\/div><\/p>\n<p>&nbsp;<\/p>\n<p>[\/et_pb_text][et_pb_contact_form use_spam_service=&#8221;on&#8221; recaptcha_list=&#8221;plastcompl-0&#8243; email=&#8221;bok@plastcom.pl&#8221; title=&#8221;Formularz kontaktowy&#8221; submit_button_text=&#8221;Wy\u015blij&#8221; _builder_version=&#8221;4.17.3&#8243; _module_preset=&#8221;default&#8221; _unique_id=&#8221;246dcb1e-0520-41a7-bfef-ee668e535203&#8243; global_colors_info=&#8221;{}&#8221;][et_pb_contact_field field_id=&#8221;Name&#8221; field_title=&#8221;Twoje imi\u0119&#8221; allowed_symbols=&#8221;letters&#8221; _builder_version=&#8221;4.17.3&#8243; global_colors_info=&#8221;{}&#8221; button_text_size__hover_enabled=&#8221;off&#8221; button_one_text_size__hover_enabled=&#8221;off&#8221; button_two_text_size__hover_enabled=&#8221;off&#8221; button_text_color__hover_enabled=&#8221;off&#8221; button_one_text_color__hover_enabled=&#8221;off&#8221; button_two_text_color__hover_enabled=&#8221;off&#8221; button_border_width__hover_enabled=&#8221;off&#8221; button_one_border_width__hover_enabled=&#8221;off&#8221; button_two_border_width__hover_enabled=&#8221;off&#8221; button_border_color__hover_enabled=&#8221;off&#8221; button_one_border_color__hover_enabled=&#8221;off&#8221; button_two_border_color__hover_enabled=&#8221;off&#8221; button_border_radius__hover_enabled=&#8221;off&#8221; button_one_border_radius__hover_enabled=&#8221;off&#8221; button_two_border_radius__hover_enabled=&#8221;off&#8221; button_letter_spacing__hover_enabled=&#8221;off&#8221; button_one_letter_spacing__hover_enabled=&#8221;off&#8221; button_two_letter_spacing__hover_enabled=&#8221;off&#8221; button_bg_color__hover_enabled=&#8221;off&#8221; button_one_bg_color__hover_enabled=&#8221;off&#8221; button_two_bg_color__hover_enabled=&#8221;off&#8221;][\/et_pb_contact_field][et_pb_contact_field field_id=&#8221;Email&#8221; field_title=&#8221;Tw\u00f3j e-mail&#8221; field_type=&#8221;email&#8221; _builder_version=&#8221;4.17.3&#8243; global_colors_info=&#8221;{}&#8221; button_text_size__hover_enabled=&#8221;off&#8221; button_one_text_size__hover_enabled=&#8221;off&#8221; button_two_text_size__hover_enabled=&#8221;off&#8221; button_text_color__hover_enabled=&#8221;off&#8221; button_one_text_color__hover_enabled=&#8221;off&#8221; button_two_text_color__hover_enabled=&#8221;off&#8221; button_border_width__hover_enabled=&#8221;off&#8221; button_one_border_width__hover_enabled=&#8221;off&#8221; button_two_border_width__hover_enabled=&#8221;off&#8221; button_border_color__hover_enabled=&#8221;off&#8221; button_one_border_color__hover_enabled=&#8221;off&#8221; button_two_border_color__hover_enabled=&#8221;off&#8221; button_border_radius__hover_enabled=&#8221;off&#8221; button_one_border_radius__hover_enabled=&#8221;off&#8221; button_two_border_radius__hover_enabled=&#8221;off&#8221; button_letter_spacing__hover_enabled=&#8221;off&#8221; button_one_letter_spacing__hover_enabled=&#8221;off&#8221; button_two_letter_spacing__hover_enabled=&#8221;off&#8221; button_bg_color__hover_enabled=&#8221;off&#8221; button_one_bg_color__hover_enabled=&#8221;off&#8221; button_two_bg_color__hover_enabled=&#8221;off&#8221;][\/et_pb_contact_field][et_pb_contact_field field_id=&#8221;Temat&#8221; field_title=&#8221;Temat&#8221; _builder_version=&#8221;4.17.3&#8243; global_colors_info=&#8221;{}&#8221; button_text_size__hover_enabled=&#8221;off&#8221; button_one_text_size__hover_enabled=&#8221;off&#8221; button_two_text_size__hover_enabled=&#8221;off&#8221; button_text_color__hover_enabled=&#8221;off&#8221; button_one_text_color__hover_enabled=&#8221;off&#8221; button_two_text_color__hover_enabled=&#8221;off&#8221; button_border_width__hover_enabled=&#8221;off&#8221; button_one_border_width__hover_enabled=&#8221;off&#8221; button_two_border_width__hover_enabled=&#8221;off&#8221; button_border_color__hover_enabled=&#8221;off&#8221; button_one_border_color__hover_enabled=&#8221;off&#8221; button_two_border_color__hover_enabled=&#8221;off&#8221; button_border_radius__hover_enabled=&#8221;off&#8221; button_one_border_radius__hover_enabled=&#8221;off&#8221; button_two_border_radius__hover_enabled=&#8221;off&#8221; button_letter_spacing__hover_enabled=&#8221;off&#8221; button_one_letter_spacing__hover_enabled=&#8221;off&#8221; button_two_letter_spacing__hover_enabled=&#8221;off&#8221; button_bg_color__hover_enabled=&#8221;off&#8221; button_one_bg_color__hover_enabled=&#8221;off&#8221; button_two_bg_color__hover_enabled=&#8221;off&#8221;][\/et_pb_contact_field][et_pb_contact_field field_id=&#8221;Wiadomosc&#8221; field_title=&#8221;Twoja wiadomo\u015b\u0107&#8221; field_type=&#8221;text&#8221; fullwidth_field=&#8221;on&#8221; _builder_version=&#8221;4.17.3&#8243; global_colors_info=&#8221;{}&#8221; button_text_size__hover_enabled=&#8221;off&#8221; button_one_text_size__hover_enabled=&#8221;off&#8221; button_two_text_size__hover_enabled=&#8221;off&#8221; button_text_color__hover_enabled=&#8221;off&#8221; button_one_text_color__hover_enabled=&#8221;off&#8221; button_two_text_color__hover_enabled=&#8221;off&#8221; button_border_width__hover_enabled=&#8221;off&#8221; button_one_border_width__hover_enabled=&#8221;off&#8221; button_two_border_width__hover_enabled=&#8221;off&#8221; button_border_color__hover_enabled=&#8221;off&#8221; button_one_border_color__hover_enabled=&#8221;off&#8221; button_two_border_color__hover_enabled=&#8221;off&#8221; button_border_radius__hover_enabled=&#8221;off&#8221; button_one_border_radius__hover_enabled=&#8221;off&#8221; button_two_border_radius__hover_enabled=&#8221;off&#8221; button_letter_spacing__hover_enabled=&#8221;off&#8221; button_one_letter_spacing__hover_enabled=&#8221;off&#8221; button_two_letter_spacing__hover_enabled=&#8221;off&#8221; button_bg_color__hover_enabled=&#8221;off&#8221; button_one_bg_color__hover_enabled=&#8221;off&#8221; button_two_bg_color__hover_enabled=&#8221;off&#8221;][\/et_pb_contact_field][et_pb_contact_field field_id=&#8221;Zgoda&#8221; field_title=&#8221; &#8221; field_type=&#8221;checkbox&#8221; checkbox_options=&#8221;%91{%22value%22:%22O\u015bwiadczenie o zapoznaniu si\u0119 z Zasadami ochrony danych osobowych RODO%22,%22checked%22:0,%22dragID%22:-1},{%22value%22:%22Wyra\u017cenie zgody na przetwarzanie podanych w formularzu danych w celu jednorazowej obs\u0142ugi zg\u0142oszenia, w tym przedstawienia oferty PlastCOM s.c.%22,%22checked%22:0,%22dragID%22:0}%93&#8243; fullwidth_field=&#8221;on&#8221; _builder_version=&#8221;4.17.3&#8243; _module_preset=&#8221;default&#8221; global_colors_info=&#8221;{}&#8221;][\/et_pb_contact_field][et_pb_contact_field field_id=&#8221;Przetwarzanie&#8221; field_title=&#8221;Wyra\u017cenie zgody na przetwarzanie podanych w formularzu danych w celu prowadzenia marketingu bezpo\u015bredniego dotycz\u0105cego produkt\u00f3w i us\u0142ug PlastCOM&#8221; field_type=&#8221;radio&#8221; radio_options=&#8221;%91{%22value%22:%22Tak%22,%22checked%22:0,%22dragID%22:-1},{%22value%22:%22Nie%22,%22checked%22:0,%22dragID%22:0}%93&#8243; fullwidth_field=&#8221;on&#8221; _builder_version=&#8221;4.17.3&#8243; _module_preset=&#8221;default&#8221; global_colors_info=&#8221;{}&#8221;][\/et_pb_contact_field][\/et_pb_contact_form][et_pb_text _builder_version=&#8221;4.17.3&#8243; _module_preset=&#8221;default&#8221; link_font=&#8221;||||on||||&#8221; link_text_color=&#8221;#E02B20&#8243; width=&#8221;400px&#8221; module_alignment=&#8221;left&#8221; custom_margin=&#8221;-53px|||||&#8221; custom_margin_tablet=&#8221;0px||||false|false&#8221; custom_margin_phone=&#8221;0px||||false|false&#8221; custom_margin_last_edited=&#8221;on|tablet&#8221; global_colors_info=&#8221;{}&#8221;]<\/p>\n<h4>Zobacz zasady ochrony danych osobowych <a href=\"https:\/\/plastcom.pl\/rodo\/\" target=\"_blank\" rel=\"noopener\">RODO<\/a><\/h4>\n<p>[\/et_pb_text][\/et_pb_column][et_pb_column type=&#8221;1_3&#8243; _builder_version=&#8221;4.16&#8243; custom_padding=&#8221;|||&#8221; global_colors_info=&#8221;{}&#8221; custom_padding__hover=&#8221;|||&#8221;][et_pb_sidebar _builder_version=&#8221;4.16&#8243; _module_preset=&#8221;default&#8221; custom_padding=&#8221;10px|20px|10px|20px|true|true&#8221; box_shadow_style=&#8221;preset1&#8243; global_colors_info=&#8221;{}&#8221;][\/et_pb_sidebar][\/et_pb_column][\/et_pb_row][\/et_pb_section]<\/p>\n","protected":false},"excerpt":{"rendered":"<p><div class='one_half'>\n\t\t\t\t\tPLASTCOM 84-240 Reda, ul. Norwida 47 (budynek Sp\u00f3\u0142dzielni Mieszkaniowej \u201eReda\u201d) Telefon:\u00a0(58) 740-50-50\u00a0Biuro: (58) 678-34-47 Mail:\u00a0bok@plastcom.pl\n\t\t\t\t<\/div><div class='one_half et_column_last'>\n\t\t\t\t\tGodziny otwarcia: poniedzia\u0142ek \u2013 pi\u0105tek\u00a09.00 \u2013 17.00\u00a0sobota, niedziela \u2013\u00a0nieczynne Telefon Alarmowy: 606-106-952\u00a0codziennie od godziny\u00a09.00\u00a0do godziny\u00a022.00 Gadu-Gadu:\u00a0\u00a01931350\n\t\t\t\t<\/div><div class='clear'><\/div> &nbsp;Zobacz zasady ochrony danych osobowych RODO<\/p>\n","protected":false},"author":11,"featured_media":0,"parent":0,"menu_order":0,"comment_status":"closed","ping_status":"closed","template":"","meta":{"_et_pb_use_builder":"on","_et_pb_old_content":"[et_pb_section fb_built=\"1\" _builder_version=\"4.17.3\" _module_preset=\"default\" background_color=\"#FFFFFF\" use_background_color_gradient=\"on\" background_color_gradient_stops=\"#ffffff 0%|#ededed 100%\" background_color_gradient_start=\"#ffffff\" background_color_gradient_end=\"#ededed\" background_image=\"https:\/\/plastcom.pl\/wp-content\/uploads\/2021\/07\/baner-8.jpg\" custom_margin=\"0px||0px||true|false\" custom_padding=\"||34px||false|false\" bottom_divider_style=\"curve\" bottom_divider_color=\"#FFFFFF\" global_colors_info=\"{}\"][et_pb_row _builder_version=\"4.16\" _module_preset=\"default\" custom_margin=\"0px||0px||true|false\" custom_padding=\"0px||0px||true|false\" global_colors_info=\"{}\"][et_pb_column type=\"4_4\" _builder_version=\"4.16\" _module_preset=\"default\" global_colors_info=\"{}\"][et_pb_post_title meta=\"off\" featured_image=\"off\" _builder_version=\"4.16\" _module_preset=\"default\" title_font=\"|||on|||||\" title_text_align=\"center\" title_text_color=\"#FFFFFF\" meta_text_align=\"center\" background_enable_image=\"off\" background_size=\"initial\" custom_padding=\"150px||150px||true|false\" custom_padding_tablet=\"120px||120px||true|false\" custom_padding_phone=\"50px||50px||true|false\" custom_padding_last_edited=\"on|phone\" title_text_shadow_style=\"preset1\" title_text_shadow_color=\"rgba(0,0,0,0.11)\" global_colors_info=\"{}\"][\/et_pb_post_title][\/et_pb_column][\/et_pb_row][\/et_pb_section][et_pb_section fb_built=\"1\" _builder_version=\"4.16\" global_colors_info=\"{}\"][et_pb_row column_structure=\"2_3,1_3\" _builder_version=\"4.16\" background_size=\"initial\" background_position=\"top_left\" background_repeat=\"repeat\" global_colors_info=\"{}\"][et_pb_column type=\"2_3\" _builder_version=\"4.16\" custom_padding=\"|||\" global_colors_info=\"{}\" custom_padding__hover=\"|||\"][et_pb_text _builder_version=\"4.17.3\" background_size=\"initial\" background_position=\"top_left\" background_repeat=\"repeat\" global_colors_info=\"{}\"]<p>[one_half]<br \/><strong>PLASTCOM<\/strong><\/p>\r\n<p>84-240 Reda, ul. Norwida 47<br \/>(budynek Sp\u00f3\u0142dzielni Mieszkaniowej \"Reda\")<\/p>\r\n<p>Telefon: <strong>(58) 740-50-50<\/strong><br \/>Biuro: (58) 678-34-47<br \/>FAX: (58) 778-03-80<br \/>Mail: <a href=\"mailto:bok@plastcom.pl\">bok@plastcom.pl<\/a><\/p>\r\n<p>[\/one_half]<\/p>\r\n<p>[one_half_last]<br \/><strong>Godziny otwarcia<\/strong>:<\/p>\r\n<p>poniedzia\u0142ek - pi\u0105tek <strong>9.00 - 17.00<\/strong><br \/>sobota, niedziela - <strong>nieczynne<\/strong><\/p>\r\n<p><strong>Telefon Alarmowy: 606-106-952<\/strong><br \/>codziennie od godziny <strong>9.00<\/strong> do godziny <strong>22.00<\/strong><\/p>\r\n<p><strong>Gadu-Gadu: <\/strong><span style=\"color: black;\"><a href=\"gg:1931350\"><img src=\"http:\/\/www.gadu-gadu.pl\/users\/status.asp?id=1931350\" alt=\"\" width=\"14\" height=\"14\" border=\"0\" \/> 1931350<\/a><\/span><\/p>\r\n<p>[\/one_half_last]<br \/><!--more--><\/p>[\/et_pb_text][et_pb_contact_form use_spam_service=\"on\" recaptcha_list=\"plastcompl-0\" email=\"bok@plastcom.pl\" title=\"Formularz kontaktowy\" submit_button_text=\"Wy\u015blij\" _builder_version=\"4.17.3\" _module_preset=\"default\" _unique_id=\"246dcb1e-0520-41a7-bfef-ee668e535203\" hover_enabled=\"0\" global_colors_info=\"{}\" sticky_enabled=\"0\"][et_pb_contact_field field_id=\"Name\" field_title=\"Twoje imi\u0119\" allowed_symbols=\"letters\" _builder_version=\"4.17.3\" global_colors_info=\"{}\" button_text_size__hover_enabled=\"off\" button_one_text_size__hover_enabled=\"off\" button_two_text_size__hover_enabled=\"off\" button_text_color__hover_enabled=\"off\" button_one_text_color__hover_enabled=\"off\" button_two_text_color__hover_enabled=\"off\" button_border_width__hover_enabled=\"off\" button_one_border_width__hover_enabled=\"off\" button_two_border_width__hover_enabled=\"off\" button_border_color__hover_enabled=\"off\" button_one_border_color__hover_enabled=\"off\" button_two_border_color__hover_enabled=\"off\" button_border_radius__hover_enabled=\"off\" button_one_border_radius__hover_enabled=\"off\" button_two_border_radius__hover_enabled=\"off\" button_letter_spacing__hover_enabled=\"off\" button_one_letter_spacing__hover_enabled=\"off\" button_two_letter_spacing__hover_enabled=\"off\" button_bg_color__hover_enabled=\"off\" button_one_bg_color__hover_enabled=\"off\" button_two_bg_color__hover_enabled=\"off\"][\/et_pb_contact_field][et_pb_contact_field field_id=\"Email\" field_title=\"Tw\u00f3j e-mail\" field_type=\"email\" _builder_version=\"4.17.3\" global_colors_info=\"{}\" button_text_size__hover_enabled=\"off\" button_one_text_size__hover_enabled=\"off\" button_two_text_size__hover_enabled=\"off\" button_text_color__hover_enabled=\"off\" button_one_text_color__hover_enabled=\"off\" button_two_text_color__hover_enabled=\"off\" button_border_width__hover_enabled=\"off\" button_one_border_width__hover_enabled=\"off\" button_two_border_width__hover_enabled=\"off\" button_border_color__hover_enabled=\"off\" button_one_border_color__hover_enabled=\"off\" button_two_border_color__hover_enabled=\"off\" button_border_radius__hover_enabled=\"off\" button_one_border_radius__hover_enabled=\"off\" button_two_border_radius__hover_enabled=\"off\" button_letter_spacing__hover_enabled=\"off\" button_one_letter_spacing__hover_enabled=\"off\" button_two_letter_spacing__hover_enabled=\"off\" button_bg_color__hover_enabled=\"off\" button_one_bg_color__hover_enabled=\"off\" button_two_bg_color__hover_enabled=\"off\"][\/et_pb_contact_field][et_pb_contact_field field_id=\"Temat\" field_title=\"Temat\" _builder_version=\"4.17.3\" global_colors_info=\"{}\" button_text_size__hover_enabled=\"off\" button_one_text_size__hover_enabled=\"off\" button_two_text_size__hover_enabled=\"off\" button_text_color__hover_enabled=\"off\" button_one_text_color__hover_enabled=\"off\" button_two_text_color__hover_enabled=\"off\" button_border_width__hover_enabled=\"off\" button_one_border_width__hover_enabled=\"off\" button_two_border_width__hover_enabled=\"off\" button_border_color__hover_enabled=\"off\" button_one_border_color__hover_enabled=\"off\" button_two_border_color__hover_enabled=\"off\" button_border_radius__hover_enabled=\"off\" button_one_border_radius__hover_enabled=\"off\" button_two_border_radius__hover_enabled=\"off\" button_letter_spacing__hover_enabled=\"off\" button_one_letter_spacing__hover_enabled=\"off\" button_two_letter_spacing__hover_enabled=\"off\" button_bg_color__hover_enabled=\"off\" button_one_bg_color__hover_enabled=\"off\" button_two_bg_color__hover_enabled=\"off\"][\/et_pb_contact_field][et_pb_contact_field field_id=\"Wiadomosc\" field_title=\"Twoja wiadomo\u015b\u0107\" field_type=\"text\" fullwidth_field=\"on\" _builder_version=\"4.17.3\" global_colors_info=\"{}\" button_text_size__hover_enabled=\"off\" button_one_text_size__hover_enabled=\"off\" button_two_text_size__hover_enabled=\"off\" button_text_color__hover_enabled=\"off\" button_one_text_color__hover_enabled=\"off\" button_two_text_color__hover_enabled=\"off\" button_border_width__hover_enabled=\"off\" button_one_border_width__hover_enabled=\"off\" button_two_border_width__hover_enabled=\"off\" button_border_color__hover_enabled=\"off\" button_one_border_color__hover_enabled=\"off\" button_two_border_color__hover_enabled=\"off\" button_border_radius__hover_enabled=\"off\" button_one_border_radius__hover_enabled=\"off\" button_two_border_radius__hover_enabled=\"off\" button_letter_spacing__hover_enabled=\"off\" button_one_letter_spacing__hover_enabled=\"off\" button_two_letter_spacing__hover_enabled=\"off\" button_bg_color__hover_enabled=\"off\" button_one_bg_color__hover_enabled=\"off\" button_two_bg_color__hover_enabled=\"off\"][\/et_pb_contact_field][et_pb_contact_field field_id=\"Zgoda\" field_title=\" \" field_type=\"checkbox\" checkbox_options=\"%91{%22value%22:%22O\u015bwiadczenie o zapoznaniu si\u0119 z Zasadami ochrony danych osobowych RODO%22,%22checked%22:0,%22dragID%22:-1},{%22value%22:%22Wyra\u017cenie zgody na przetwarzanie podanych w formularzu danych w celu jednorazowej obs\u0142ugi zg\u0142oszenia, w tym przedstawienia oferty PLASTCOM s.j.%22,%22checked%22:0,%22dragID%22:0}%93\" fullwidth_field=\"on\" _builder_version=\"4.17.3\" _module_preset=\"default\" global_colors_info=\"{}\"][\/et_pb_contact_field][et_pb_contact_field field_id=\"Przetwarzanie\" field_title=\"Wyra\u017cenie zgody na przetwarzanie podanych w formularzu danych w celu prowadzenia marketingu bezpo\u015bredniego dotycz\u0105cego produkt\u00f3w i us\u0142ug Plast-Com\" field_type=\"radio\" radio_options=\"%91{%22value%22:%22Tak%22,%22checked%22:0,%22dragID%22:-1},{%22value%22:%22Nie%22,%22checked%22:0,%22dragID%22:0}%93\" fullwidth_field=\"on\" _builder_version=\"4.17.3\" _module_preset=\"default\" global_colors_info=\"{}\"][\/et_pb_contact_field][\/et_pb_contact_form][et_pb_text _builder_version=\"4.17.3\" _module_preset=\"default\" link_font=\"||||on||||\" link_text_color=\"#E02B20\" width=\"400px\" module_alignment=\"left\" custom_margin=\"-53px|||||\" custom_margin_tablet=\"0px||||false|false\" custom_margin_phone=\"0px||||false|false\" custom_margin_last_edited=\"on|tablet\" global_colors_info=\"{}\"]<h4>Zobacz zasady ochrony danych osobowych <a href=\"https:\/\/plastcom.pl\/rodo\/\" target=\"_blank\" rel=\"noopener\">RODO<\/a><\/h4>[\/et_pb_text][\/et_pb_column][et_pb_column type=\"1_3\" _builder_version=\"4.16\" custom_padding=\"|||\" global_colors_info=\"{}\" custom_padding__hover=\"|||\"][et_pb_sidebar _builder_version=\"4.16\" _module_preset=\"default\" custom_padding=\"10px|20px|10px|20px|true|true\" box_shadow_style=\"preset1\" global_colors_info=\"{}\"][\/et_pb_sidebar][\/et_pb_column][\/et_pb_row][\/et_pb_section]","_et_gb_content_width":"","footnotes":""},"class_list":["post-171911","page","type-page","status-publish","hentry"],"jetpack_sharing_enabled":true,"_links":{"self":[{"href":"https:\/\/plastcom.pl\/index.php?rest_route=\/wp\/v2\/pages\/171911","targetHints":{"allow":["GET"]}}],"collection":[{"href":"https:\/\/plastcom.pl\/index.php?rest_route=\/wp\/v2\/pages"}],"about":[{"href":"https:\/\/plastcom.pl\/index.php?rest_route=\/wp\/v2\/types\/page"}],"author":[{"embeddable":true,"href":"https:\/\/plastcom.pl\/index.php?rest_route=\/wp\/v2\/users\/11"}],"replies":[{"embeddable":true,"href":"https:\/\/plastcom.pl\/index.php?rest_route=%2Fwp%2Fv2%2Fcomments&post=171911"}],"version-history":[{"count":16,"href":"https:\/\/plastcom.pl\/index.php?rest_route=\/wp\/v2\/pages\/171911\/revisions"}],"predecessor-version":[{"id":185253,"href":"https:\/\/plastcom.pl\/index.php?rest_route=\/wp\/v2\/pages\/171911\/revisions\/185253"}],"wp:attachment":[{"href":"https:\/\/plastcom.pl\/index.php?rest_route=%2Fwp%2Fv2%2Fmedia&parent=171911"}],"curies":[{"name":"wp","href":"https:\/\/api.w.org\/{rel}","templated":true}]}}