{"id":185267,"date":"2025-02-12T12:58:45","date_gmt":"2025-02-12T12:58:45","guid":{"rendered":"https:\/\/plastcom.pl\/?page_id=185267"},"modified":"2026-03-04T15:15:20","modified_gmt":"2026-03-04T15:15:20","slug":"archiwum","status":"publish","type":"page","link":"https:\/\/plastcom.pl\/?page_id=185267","title":{"rendered":"Archiwum"},"content":{"rendered":"<hr \/>\n<h3>Informacje przedumowne:<\/h3>\n<ul>\n<li><a href=\"https:\/\/plastcom.pl\/pliki\/nowe\/PlastCom%20Informacje%20przedumowne%20-%20Regulamin%20swiadczenia%20uslug%20komunikacji%20elektronicznej%20dla%20umow%20zawartych%20od%2010-11-2024.pdf\" target=\"_blank\" rel=\"noopener\">PlastCom Informacje przedumowne &#8211; Regulamin swiadczenia uslug komunikacji elektronicznej dla umow zawartych od 10-11-2024<\/a><\/li>\n<li><a href=\"https:\/\/plastcom.pl\/pliki\/nowe\/SGT%20Informacje%20Przedumowne%20-%20Regulamin%20swiadczenia%20uslug%20dla%20umow%20zawartych%20od%2010-11-2024.pdf\" target=\"_blank\" rel=\"noopener\">SGT Informacje Przedumowne &#8211; Regulamin swiadczenia uslug dla umow zawartych od 10-11-2024<\/a><\/li>\n<li><a href=\"https:\/\/plastcom.pl\/pliki\/nowe\/ID%20Informacje%20Przedumowne%20-%20Regulamin%20swiadczenia%20uslug%20dla%20umow%20zawartych%20od%2010-11-2024.pdf\" target=\"_blank\" rel=\"noopener\">ID Informacje Przedumowne &#8211; Regulamin swiadczenia uslug dla umow zawartych od 10-11-2024<\/a><\/li>\n<li><a href=\"https:\/\/plastcom.pl\/pliki\/nowe\/ID2%20Informacje%20Przedumowne%20-%20Regulamin%20swiadczenia%20uslug%20dla%20umow%20zawartych%20od%2010-11-2024.pdf\" target=\"_blank\" rel=\"noopener\">ID2 Informacje Przedumowne &#8211; Regulamin swiadczenia uslug dla umow zawartych od 10-11-2024<\/a><\/li>\n<li><a href=\"https:\/\/plastcom.pl\/pliki\/sj\/PlastCOM-Informacje-przedumowne-Regulamin-swiadczenia-uslug-komunikacji-elektronicznej-dla-umow-zawartych-od-20-02-2025.pdf\" target=\"_blank\" rel=\"noopener\">PlastCOM Informacje przedumowne &#8211; Regulamin swiadczenia uslug komunikacji elektronicznej dla umow zawartych od 20-02-2025<\/a><\/li>\n<\/ul>\n<hr \/>\n<h3>Cenniki us\u0142ug:<\/h3>\n<ul>\n<li><a href=\"https:\/\/plastcom.pl\/pliki\/nowe\/PlastCOM-Cennik-Us%C5%82ug-INTERNET.pdf\" target=\"_blank\" rel=\"noopener\">PlastCOM-Cennik-Us\u0142ug-INTERNET<\/a><\/li>\n<li><a href=\"https:\/\/plastcom.pl\/pliki\/nowe\/PlastCOM-Cennik-Us%C5%82ug-PAKIET%20INTERNET%20TV.pdf\" target=\"_blank\" rel=\"noopener\">PlastCOM-Cennik-Us\u0142ug-PAKIET INTERNET TV<\/a><\/li>\n<li><a href=\"https:\/\/plastcom.pl\/pliki\/nowe\/PlastCOM-Cennik-Us%C5%82ug-INTERNET-BIZNES.pdf\" target=\"_blank\" rel=\"noopener\">PlastCOM-Cennik-Us\u0142ug-INTERNET-BIZNES<\/a><\/li>\n<li><a href=\"https:\/\/plastcom.pl\/pliki\/nowe\/PlastCOM-Cennik-Us%C5%82ug-INTERNET-SEZONOWY.pdf\" target=\"_blank\" rel=\"noopener\">PlastCOM-Cennik-Us\u0142ug-INTERNET-SEZONOWY<\/a><\/li>\n<li><a href=\"https:\/\/plastcom.pl\/pliki\/nowe\/PlastCOM-Cennik-Us%C5%82ug-TV-PODSTAWOWY-KORZYSTNY-BOGATY.pdf\" target=\"_blank\" rel=\"noopener\">PlastCOM-Cennik-Us\u0142ug-TV-PODSTAWOWY-KORZYSTNY-BOGATY<\/a><\/li>\n<li><a href=\"https:\/\/plastcom.pl\/pliki\/nowe\/PlastCOM-Cennik-Us%C5%82ug-TV-START-PLUS-MIKRO.pdf\" target=\"_blank\" rel=\"noopener\">PlastCOM-Cennik-Us\u0142ug-TV-START-PLUS-MIKRO<\/a><\/li>\n<li><a href=\"https:\/\/plastcom.pl\/pliki\/nowe\/PlastCOM-Cennik-Us%C5%82ug-TV-WIELOTEMATYCZNY.pdf\" target=\"_blank\" rel=\"noopener\">PlastCOM-Cennik-Us\u0142ug-TV-WIELOTEMATYCZNY<\/a><\/li>\n<li><a href=\"https:\/\/plastcom.pl\/pliki\/nowe\/PlastCOM-Cennik-Us%C5%82ug-TELEFONII-VOIP.pdf\" target=\"_blank\" rel=\"noopener\">PlastCOM-Cennik-Us\u0142ug-TELEFONII-VOIP<\/a><\/li>\n<li><a href=\"https:\/\/plastcom.pl\/pliki\/sj\/PlastCOM-Cennik-Uslug-PAKIET-INTERNET-TV-od-20-02-2025.pdf\" target=\"_blank\" rel=\"noopener\">PlastCOM-Cennik-Us\u0142ug-PAKIET INTERNET TV od 20-02-2025<\/a><\/li>\n<li><a href=\"https:\/\/plastcom.pl\/pliki\/sj\/PlastCOM-Cennik-Uslug-INTERNET-od-20-02-2025.pdf\" target=\"_blank\" rel=\"noopener\">PlastCOM-Cennik-Us\u0142ug-INTERNET-od 20-02-2025<\/a><\/li>\n<li><a href=\"https:\/\/plastcom.pl\/pliki\/nowe\/PlastCOM-Cennik-Us\u0142ug-INTERNET+TV-20-04-2025.pdf\" target=\"_blank\" rel=\"noopener\">PlastCOM-Cennik-Us\u0142ug-INTERNET+TV-20-04-2025<\/a><\/li>\n<li><a href=\"https:\/\/plastcom.pl\/pliki\/nowe\/PlastCOM-Cennik-Us\u0142ug-INTERNET-20-04-2025.pdf\" target=\"_blank\" rel=\"noopener\">PlastCOM-Cennik-Us\u0142ug-INTERNET-20-04-2025<\/a><\/li>\n<li><a href=\"https:\/\/plastcom.pl\/pliki\/sj\/PlastCOM-Cennik-Uslug-TV-PODSTAWOWY-KORZYSTNY-BOGATY-od-20-02-2025.pdf\" target=\"_blank\" rel=\"noopener\">PlastCOM-Cennik-Us\u0142ug-TV-PODSTAWOWY-KORZYSTNY-BOGATY od 20-02-2025<\/a><\/li>\n<li><a href=\"https:\/\/plastcom.pl\/pliki\/nowe\/PlastCOM-Cennik-Uslug-TV-START-PLUS-MIKRO-od-20-02-2025.pdf\" target=\"_blank\" rel=\"noopener\">PlastCOM-Cennik-Uslug-TV-START-PLUS-MIKRO-od-20-02-2025<\/a><\/li>\n<li><a href=\"https:\/\/plastcom.pl\/pliki\/sj\/PlastCOM-Cennik-Uslug-TV-WIELOTEMATYCZNY-od-20-02-2025.pdf\" target=\"_blank\" rel=\"noopener\">PlastCOM-Cennik-Us\u0142ug-TV-WIELOTEMATYCZNY od 20-02-2025<\/a><\/li>\n<li><a href=\"https:\/\/plastcom.pl\/pliki\/sj\/PlastCOM-Cennik-Uslug-INTERNET-BIZNES-od-20-02-2025.pdf\" target=\"_blank\" rel=\"noopener\">PlastCOM-Cennik-Us\u0142ug-INTERNET-BIZNES-od 20-02-2025<\/a><\/li>\n<li><a href=\"https:\/\/plastcom.pl\/pliki\/sj\/PlastCOM-Cennik-Uslug-INTERNET-SEZONOWY-od-20-02-2025.pdf\" target=\"_blank\" rel=\"noopener\">PlastCOM-Cennik-Us\u0142ug-INTERNET-SEZONOWY od 20-02-2025<\/a><\/li>\n<li><a href=\"https:\/\/plastcom.pl\/pliki\/nowe\/PlastCOM-Cennik-Us%C5%82ug-INTERNET%2BTV-07-07-2025.pdf\" target=\"_blank\" rel=\"noopener\">PlastCOM-Cennik-Us\u0142ug-INTERNET+TV-07-07-2025<\/a><\/li>\n<li><a href=\"https:\/\/plastcom.pl\/pliki\/nowe\/PlastCOM-Cennik-Us\u0142ug-INTERNET+TV-GPON-XGSPON-20-04-2025.pdf\" target=\"_blank\" rel=\"noopener\">PlastCOM-Cennik-Us\u0142ug-INTERNET+TV-GPON-XGSPON-20-04-2025<\/a><\/li>\n<li><a href=\"https:\/\/plastcom.pl\/pliki\/nowe\/PlastCOM-Cennik-Us\u0142ug-INTERNET-GPON-XGSPON-20-04-2025.pdf\" target=\"_blank\" rel=\"noopener\">PlastCOM-Cennik-Us\u0142ug-INTERNET-GPON-XGSPON-20-04-2025<\/a><\/li>\n<li><a href=\"https:\/\/plastcom.pl\/pliki\/nowe\/PlastCOM-Cennik-Us%C5%82ug-INTERNET-07-07-2025.pdf\" target=\"_blank\" rel=\"noopener\">PlastCOM-Cennik-Us\u0142ug-INTERNET-07-07-2025<\/a><\/li>\n<\/ul>\n<hr \/>\n<h3>Umowy:<\/h3>\n<ul>\n<li><a href=\"https:\/\/plastcom.pl\/pliki\/nowe\/PlastCom%20-%20Wzor-umowy-komunikacji-elektronicznej-internet-telefon-biznes%20od%2010-11-2024.pdf\" target=\"_blank\" rel=\"noopener\">PlastCom &#8211; Wzor-umowy-komunikacji-elektronicznej-internet-telefon-biznes od 10-11-2024<\/a><\/li>\n<li><a href=\"https:\/\/plastcom.pl\/pliki\/nowe\/PlastCom%20-%20Wzor-umowy-komunikacji-elektronicznej-internet-telefon-konsument%20od%2010-11-2024.pdf\" target=\"_blank\" rel=\"noopener\">PlastCom &#8211; Wzor-umowy-komunikacji-elektronicznej-internet-telefon-konsument od 10-11-2024<\/a><\/li>\n<li><a href=\"https:\/\/plastcom.pl\/pliki\/nowe\/PlastCom%20-%20Wzor-umowy-komunikacji-elektronicznej-Telewizja-ID%20od%2010-11-2024.pdf\" target=\"_blank\" rel=\"noopener\">PlastCom &#8211; Wzor-umowy-komunikacji-elektronicznej-Telewizja-ID od 10-11-2024<\/a><\/li>\n<li><a href=\"https:\/\/plastcom.pl\/pliki\/nowe\/PlastCom%20-%20Wzor-umowy-komunikacji-elektronicznej-Telewizja-ID2%20od%2010-11-2024.pdf\" target=\"_blank\" rel=\"noopener\">PlastCom &#8211; Wzor-umowy-komunikacji-elektronicznej-Telewizja-ID2 od 10-11-2024<\/a><\/li>\n<li><a href=\"https:\/\/plastcom.pl\/pliki\/nowe\/PlastCom%20-%20Wzor-umowy-komunikacji-elektronicznej-Telewizja-SGT%20od%2010-11-2024.pdf\" target=\"_blank\" rel=\"noopener\">PlastCom &#8211; Wzor-umowy-komunikacji-elektronicznej-Telewizja-SGT od 10-11-2024<\/a><\/li>\n<\/ul>\n<hr \/>\n<h4><strong>DOKUMENTY<\/strong><\/h4>\n<div class=\"wp-block-file\"><a href=\"https:\/\/plastcom.pl\/pliki\/PlastCOM-wzor-umowy-internet-telefon.pdf\">PlastCOM Wz\u00f3r Umowy Internet i Telefon<\/a> <a class=\"wp-block-file__button\" href=\"https:\/\/plastcom.pl\/pliki\/PlastCOM-wzor-umowy-internet-telefon.pdf\" download=\"\">Pobierz<\/a><\/div>\n<div class=\"wp-block-file\"><a href=\"https:\/\/plastcom.pl\/pliki\/Plastcom-ID2-wzor-umowy-pakiet-mikro-start.pdf\">PlastCOM Wz\u00f3r Umowy Pakiet Mikro \/ Start HD\/ START PLUS HD<\/a> <a class=\"wp-block-file__button\" href=\"https:\/\/plastcom.pl\/pliki\/Plastcom-ID2-wzor-umowy-pakiet-mikro-start.pdf\" download=\"\">Pobierz<\/a><\/div>\n<div class=\"wp-block-file\"><a href=\"https:\/\/plastcom.pl\/pliki\/Plastcom-ID-wzor-umowy-pakiet-mini.pdf\">PlastCOM Wz\u00f3r Umowy Pakiet Mini<\/a> <a class=\"wp-block-file__button\" href=\"https:\/\/plastcom.pl\/pliki\/Plastcom-ID-wzor-umowy-pakiet-mini.pdf\" download=\"\">Pobierz<\/a><\/div>\n<div class=\"wp-block-file\"><a href=\"https:\/\/plastcom.pl\/pliki\/Plastcom-SGT-wzor-umowy-pakiet-wielotematyczny-bogaty-korzystny-podstawowy.pdf.pdf\">PlastCOM Wz\u00f3r Umowy Pakiet Wielotematyczny \/ Bogaty \/ Korzystny \/ Podstawowy<\/a> <a class=\"wp-block-file__button\" href=\"https:\/\/plastcom.pl\/pliki\/Plastcom-SGT-wzor-umowy-pakiet-wielotematyczny-bogaty-korzystny-podstawowy.pdf.pdf\" download=\"\">Pobierz<\/a><\/div>\n<div class=\"wp-block-file\"><a href=\"https:\/\/plastcom.pl\/pliki\/PlastCOM-Cennik-Us\u0142ug-2023.pdf\">Cennik us\u0142ug PlastCOM<\/a> <a class=\"wp-block-file__button\" href=\"https:\/\/plastcom.pl\/pliki\/PlastCOM-Cennik-Us\u0142ug-2023.pdf\" download=\"\">Pobierz<\/a><\/div>\n<div class=\"wp-block-file\"><a href=\"https:\/\/plastcom.pl\/pliki\/PlastCOM-Regulamin-swiadczenia-uslug-telekomunikacyjnych-dla-umow-zawartych-do-21-12-2020.pdf\">PlastCOM Regulamin dla um\u00f3w zawartych do 21-12-2020<\/a> <a class=\"wp-block-file__button\" href=\"https:\/\/plastcom.pl\/pliki\/PlastCOM-Regulamin-swiadczenia-uslug-telekomunikacyjnych-dla-umow-zawartych-do-21-12-2020.pdf\" download=\"\">Pobierz<\/a><\/div>\n<div class=\"wp-block-file\"><a href=\"https:\/\/plastcom.pl\/pliki\/PlastCOM-Regulamin-swiadczenia-uslug-telekomunikacyjnych-dla-umow-zawartych-od-21-12-2020.pdf\">PlastCOM Regulamin \u015bwiadczenia us\u0142ug telekomunikacyjnych dla um\u00f3w zawartych od 21-12-2020<\/a> <a class=\"wp-block-file__button\" href=\"https:\/\/plastcom.pl\/pliki\/PlastCOM-Regulamin-swiadczenia-uslug-telekomunikacyjnych-dla-umow-zawartych-od-21-12-2020.pdf\" download=\"\">Pobierz<\/a><\/div>\n<div class=\"wp-block-file\"><\/div>\n","protected":false},"excerpt":{"rendered":"<p>Informacje przedumowne: PlastCom Informacje przedumowne &#8211; Regulamin swiadczenia uslug komunikacji elektronicznej dla umow zawartych od 10-11-2024 SGT Informacje Przedumowne &#8211; Regulamin swiadczenia uslug dla umow zawartych od 10-11-2024 ID Informacje Przedumowne &#8211; Regulamin swiadczenia uslug dla umow zawartych od 10-11-2024 ID2 Informacje Przedumowne &#8211; Regulamin swiadczenia uslug dla umow zawartych od 10-11-2024 PlastCOM Informacje przedumowne [&hellip;]<\/p>\n","protected":false},"author":11,"featured_media":0,"parent":0,"menu_order":0,"comment_status":"closed","ping_status":"closed","template":"","meta":{"_et_pb_use_builder":"","_et_pb_old_content":"","_et_gb_content_width":"","footnotes":""},"class_list":["post-185267","page","type-page","status-publish","hentry"],"jetpack_sharing_enabled":true,"_links":{"self":[{"href":"https:\/\/plastcom.pl\/index.php?rest_route=\/wp\/v2\/pages\/185267","targetHints":{"allow":["GET"]}}],"collection":[{"href":"https:\/\/plastcom.pl\/index.php?rest_route=\/wp\/v2\/pages"}],"about":[{"href":"https:\/\/plastcom.pl\/index.php?rest_route=\/wp\/v2\/types\/page"}],"author":[{"embeddable":true,"href":"https:\/\/plastcom.pl\/index.php?rest_route=\/wp\/v2\/users\/11"}],"replies":[{"embeddable":true,"href":"https:\/\/plastcom.pl\/index.php?rest_route=%2Fwp%2Fv2%2Fcomments&post=185267"}],"version-history":[{"count":18,"href":"https:\/\/plastcom.pl\/index.php?rest_route=\/wp\/v2\/pages\/185267\/revisions"}],"predecessor-version":[{"id":185452,"href":"https:\/\/plastcom.pl\/index.php?rest_route=\/wp\/v2\/pages\/185267\/revisions\/185452"}],"wp:attachment":[{"href":"https:\/\/plastcom.pl\/index.php?rest_route=%2Fwp%2Fv2%2Fmedia&parent=185267"}],"curies":[{"name":"wp","href":"https:\/\/api.w.org\/{rel}","templated":true}]}}