{"id":21,"date":"2010-09-22T11:59:50","date_gmt":"2010-09-22T11:59:50","guid":{"rendered":"http:\/\/plastcom.pl\/?page_id=21"},"modified":"2021-07-30T14:33:45","modified_gmt":"2021-07-30T14:33:45","slug":"o-nas","status":"publish","type":"page","link":"https:\/\/plastcom.pl\/?page_id=21","title":{"rendered":"O nas"},"content":{"rendered":"<p>[et_pb_section fb_built=&#8221;1&#8243; _builder_version=&#8221;4.9.10&#8243; _dynamic_attributes=&#8221;background_image&#8221; _module_preset=&#8221;default&#8221; background_color=&#8221;#FFFFFF&#8221; use_background_color_gradient=&#8221;on&#8221; background_color_gradient_start=&#8221;#ffffff&#8221; background_color_gradient_end=&#8221;#ededed&#8221; background_image=&#8221;@ET-DC@eyJkeW5hbWljIjp0cnVlLCJjb250ZW50IjoicG9zdF9mZWF0dXJlZF9pbWFnZSIsInNldHRpbmdzIjp7fX0=@&#8221; background_position=&#8221;top_right&#8221; custom_margin=&#8221;0px||0px||true|false&#8221; custom_padding=&#8221;||34px||false|false&#8221; bottom_divider_style=&#8221;curve&#8221; bottom_divider_color=&#8221;#FFFFFF&#8221;][et_pb_row _builder_version=&#8221;4.9.10&#8243; _module_preset=&#8221;default&#8221; custom_margin=&#8221;0px||0px||true|false&#8221; custom_padding=&#8221;0px||0px||true|false&#8221;][et_pb_column type=&#8221;4_4&#8243; _builder_version=&#8221;4.9.4&#8243; _module_preset=&#8221;default&#8221;][et_pb_post_title meta=&#8221;off&#8221; featured_image=&#8221;off&#8221; _builder_version=&#8221;4.9.10&#8243; _module_preset=&#8221;default&#8221; title_font=&#8221;|||on|||||&#8221; title_text_align=&#8221;center&#8221; title_text_color=&#8221;#FFFFFF&#8221; meta_text_align=&#8221;center&#8221; background_enable_image=&#8221;off&#8221; background_size=&#8221;initial&#8221; background_position=&#8221;top_center&#8221; custom_padding=&#8221;150px||150px||true|false&#8221; custom_padding_tablet=&#8221;120px||120px||true|false&#8221; custom_padding_phone=&#8221;50px||50px||true|false&#8221; custom_padding_last_edited=&#8221;on|phone&#8221; title_text_shadow_style=&#8221;preset1&#8243; title_text_shadow_color=&#8221;rgba(0,0,0,0.11)&#8221;][\/et_pb_post_title][\/et_pb_column][\/et_pb_row][\/et_pb_section][et_pb_section fb_built=&#8221;1&#8243; _builder_version=&#8221;3.22&#8243;][et_pb_row column_structure=&#8221;2_3,1_3&#8243; _builder_version=&#8221;3.25&#8243; background_size=&#8221;initial&#8221; background_position=&#8221;top_left&#8221; background_repeat=&#8221;repeat&#8221;][et_pb_column type=&#8221;2_3&#8243; _builder_version=&#8221;3.25&#8243; custom_padding=&#8221;|||&#8221; custom_padding__hover=&#8221;|||&#8221;][et_pb_text _builder_version=&#8221;4.9.10&#8243; background_size=&#8221;initial&#8221; background_position=&#8221;top_left&#8221; background_repeat=&#8221;repeat&#8221; hover_enabled=&#8221;0&#8243; sticky_enabled=&#8221;0&#8243;]<\/p>\n<p><strong>Serdecznie Witam Pa\u0144stwa na stronie firmy PLASTCOM<\/strong><\/p>\n<p>Firma PLASTCOM powsta\u0142a w 1998 roku.<!--more--><\/p>\n<p><strong>Od wielu lat \u015bwiadczymy us\u0142ug\u0119 dost\u0119pu do internetu na terenie miasta Reda i Rumia. <\/strong><\/p>\n<p>Wychodz\u0105c naprzeciw wymaganiom klient\u00f3w rozszerzyli\u015bmy nasz\u0105 ofert\u0119 o us\u0142ug\u0119 Telefonii Stacjonarnej. Posiadamy w\u0142asn\u0105 central\u0119 i styki z kilkoma operatorami.<\/p>\n<p><strong>W 2011 roku uruchomili\u015bmy w naszych zasobach Kablow\u0105 Telewizj\u0119 Cyfrow\u0105.<\/strong><\/p>\n<p>Dok\u0142adamy wszelkich stara\u0144, aby klienci firmy PLASTCOM byli zadowoleni z naszych us\u0142ug.<\/p>\n<p><strong>Zapraszamy do skorzystania z oferty, kt\u00f3r\u0105 przygotowali\u015bmy dla Pa\u0144stwa.<\/strong><\/p>\n<p style=\"text-align: right;\"><em>\u00a0<\/em><\/p>\n<p>[\/et_pb_text][\/et_pb_column][et_pb_column type=&#8221;1_3&#8243; _builder_version=&#8221;3.25&#8243; custom_padding=&#8221;|||&#8221; custom_padding__hover=&#8221;|||&#8221;][et_pb_sidebar _builder_version=&#8221;4.9.10&#8243; _module_preset=&#8221;default&#8221; custom_padding=&#8221;10px|20px|10px|20px|true|true&#8221; box_shadow_style=&#8221;preset1&#8243;][\/et_pb_sidebar][\/et_pb_column][\/et_pb_row][\/et_pb_section]<\/p>\n","protected":false},"excerpt":{"rendered":"<p>Serdecznie Witam Pa\u0144stwa na stronie firmy PLASTCOM Firma PLASTCOM powsta\u0142a w 1998 roku. Od wielu lat \u015bwiadczymy us\u0142ug\u0119 dost\u0119pu do internetu na terenie miasta Reda i Rumia. Wychodz\u0105c naprzeciw wymaganiom klient\u00f3w rozszerzyli\u015bmy nasz\u0105 ofert\u0119 o us\u0142ug\u0119 Telefonii Stacjonarnej. Posiadamy w\u0142asn\u0105 central\u0119 i styki z kilkoma operatorami. W 2011 roku uruchomili\u015bmy w naszych zasobach Kablow\u0105 Telewizj\u0119 [&hellip;]<\/p>\n","protected":false},"author":11,"featured_media":113567,"parent":0,"menu_order":5,"comment_status":"closed","ping_status":"closed","template":"","meta":{"_et_pb_use_builder":"on","_et_pb_old_content":"<strong>Serdecznie Witam Pa\u0144stwa na stronie firmy PlastCom<\/strong>\r\n\r\nFirma PLASTCOM powsta\u0142a w 1998 roku.<!--more-->\r\n\r\n<strong>Od wielu lat \u015bwiadczymy us\u0142ug\u0119 dost\u0119pu do internetu na terenie miasta Reda i Rumia. <\/strong>\r\n\r\nWychodz\u0105c naprzeciw wymaganiom klient\u00f3w rozszerzyli\u015bmy nasz\u0105 ofert\u0119 o us\u0142ug\u0119 Telefonii Stacjonarnej. Posiadamy w\u0142asn\u0105 central\u0119 i styki z kilkoma operatorami\r\n\r\n<strong>W 2011 roku uruchomili\u015bmy w naszych zasobach Kablow\u0105 Telewizj\u0119 Cyfrow\u0105.<\/strong>\r\n\r\nDok\u0142adamy wszelkich stara\u0144, aby klienci firmy PLAST-COM byli zadowoleni z naszych us\u0142ug.\r\n\r\n<strong>Zapraszamy do skorzystania z oferty, kt\u00f3r\u0105 przygotowali\u015bmy dla Pa\u0144stwa.<\/strong>\r\n<p style=\"text-align: right;\"><em>\r\n<\/em><\/p>","_et_gb_content_width":"","footnotes":""},"class_list":["post-21","page","type-page","status-publish","has-post-thumbnail","hentry"],"jetpack_sharing_enabled":true,"_links":{"self":[{"href":"https:\/\/plastcom.pl\/index.php?rest_route=\/wp\/v2\/pages\/21","targetHints":{"allow":["GET"]}}],"collection":[{"href":"https:\/\/plastcom.pl\/index.php?rest_route=\/wp\/v2\/pages"}],"about":[{"href":"https:\/\/plastcom.pl\/index.php?rest_route=\/wp\/v2\/types\/page"}],"author":[{"embeddable":true,"href":"https:\/\/plastcom.pl\/index.php?rest_route=\/wp\/v2\/users\/11"}],"replies":[{"embeddable":true,"href":"https:\/\/plastcom.pl\/index.php?rest_route=%2Fwp%2Fv2%2Fcomments&post=21"}],"version-history":[{"count":5,"href":"https:\/\/plastcom.pl\/index.php?rest_route=\/wp\/v2\/pages\/21\/revisions"}],"predecessor-version":[{"id":113615,"href":"https:\/\/plastcom.pl\/index.php?rest_route=\/wp\/v2\/pages\/21\/revisions\/113615"}],"wp:featuredmedia":[{"embeddable":true,"href":"https:\/\/plastcom.pl\/index.php?rest_route=\/wp\/v2\/media\/113567"}],"wp:attachment":[{"href":"https:\/\/plastcom.pl\/index.php?rest_route=%2Fwp%2Fv2%2Fmedia&parent=21"}],"curies":[{"name":"wp","href":"https:\/\/api.w.org\/{rel}","templated":true}]}}