{"id":2233,"date":"2018-05-23T12:52:14","date_gmt":"2018-05-23T12:52:14","guid":{"rendered":"http:\/\/plastcom.pl\/?page_id=2233"},"modified":"2025-02-20T14:48:18","modified_gmt":"2025-02-20T14:48:18","slug":"rodo","status":"publish","type":"page","link":"https:\/\/plastcom.pl\/?page_id=2233","title":{"rendered":"RODO"},"content":{"rendered":"<p><b>INFORMACJE OG\u00d3LNE<\/b><\/p>\n<p><span style=\"font-weight: 400;\">Od 25 maja 2018 r. stosowane jest rozporz\u0105dzenie Parlamentu Europejskiego i Rady (UE) 2016\/679 z dnia 27 kwietnia 2016 r. w sprawie ochrony os\u00f3b fizycznych w zwi\u0105zku z przetwarzaniem danych osobowych i w sprawie swobodnego przep\u0142ywu takich danych oraz uchylenia dyrektywy 95\/46\/WE (og\u00f3lne rozporz\u0105dzenie o ochronie danych osobowych), Dz. Urz. UE. L Nr 119, str. 1, w skr\u00f3cie: <\/span><b>RODO<\/b><span style=\"font-weight: 400;\">. <\/span><\/p>\n<p><span style=\"font-weight: 400;\">RODO nakazuje, aby podmiot decyduj\u0105cy o tym, w jaki spos\u00f3b i w jakim celu przetwarzane s\u0105 dane osobowe, czyli tzw. administrator danych, przekaza\u0142 Pa\u0144stwu informacje niezb\u0119dne do zapewnienia rzetelno\u015bci i przejrzysto\u015bci przetwarzania danych osobowych.<\/span><\/p>\n<p><b>ADMINISTRATOR DANYCH<\/b><\/p>\n<p><span style=\"font-weight: 400;\">Administratorem Pa\u0144stwa danych osobowych (dalej jako: \u201eAdministrator danych\u201d) jest PlastCOM MARCIN I MONIKA SKUCHA SP\u00d3\u0141KA JAWNA, z siedzib\u0105 w Redzie (84-240) przy ul. C.K. Norwida 47, NIP 588-231-27-95, REGON 220779349, KRS 0001155614, tel: (58) 740-50-50, e-mail\u00a0<a href=\"mailto:bok@plastcom.pl\" target=\"_blank\" rel=\"noopener\">bok@plastcom.pl<\/a><\/span><\/p>\n<p><b>DANE KONTAKTOWE ADMINISTRATORA DANYCH<\/b><\/p>\n<p><span style=\"font-weight: 400;\">Administrator danych wyznaczy\u0142 inspektora ochrony danych. We wszelkich sprawach zwi\u0105zanych z przetwarzaniem danych osobowych przez Administratora danych mo\u017cna uzyska\u0107 informacj\u0119, kontaktuj\u0105c si\u0119 z Administratorem danych w nast\u0119puj\u0105cej formie:<\/span><\/p>\n<ol>\n<li style=\"font-weight: 400;\"><span style=\"font-weight: 400;\">telefonicznie pod numerem telefonu: (58) 740-50-50,<\/span><\/li>\n<li style=\"font-weight: 400;\"><span style=\"font-weight: 400;\">za po\u015brednictwem poczty elektronicznej, przesy\u0142aj\u0105c informacj\u0119 na adres: <\/span><span style=\"font-weight: 400;\">iod@plastcom.pl<\/span><\/li>\n<li style=\"font-weight: 400;\"><span style=\"font-weight: 400;\">listownie i osobi\u015bcie pod adresem siedziby Administratora danych: <\/span><\/li>\n<\/ol>\n<p><span style=\"font-weight: 400;\"> C. K. Norwida 47,\u00a0<\/span><span style=\"font-weight: 400;\">84-240 Reda<\/span><\/p>\n<p><b>CEL ORAZ PODSTAWA PRAWNA PRZETWARZANIA DANYCH OSOBOWYCH<\/b><\/p>\n<p><span style=\"font-weight: 400;\">Pa\u0144stwa dane osobowe uzyskane przy zawieraniu umowy oraz w trakcie jej trwania wykorzystywane s\u0105 w nast\u0119puj\u0105cych celach:<\/span><\/p>\n<ol>\n<li style=\"font-weight: 400;\"><span style=\"font-weight: 400;\">zawarcia i wykonania umowy o \u015bwiadczenie us\u0142ug telekomunikacyjnych oraz \u015bwiadczenia tych us\u0142ug zgodnie z zawart\u0105 umow\u0105, podstawa przetwarzania: art. 6 ust. 1 lit. \u201eb\u201d RODO,<\/span><\/li>\n<li style=\"font-weight: 400;\"><span style=\"font-weight: 400;\">wykonania ci\u0105\u017c\u0105cych na Administratorze danych obowi\u0105zk\u00f3w prawnych (np. wystawienia i przechowywania faktur oraz innych dokument\u00f3w ksi\u0119gowych, udost\u0119pniania danych tzw. uprawnionym podmiotom, s\u0105dowi i prokuratorowi), podstawa przetwarzania: art. 6 ust. 1 lit. \u201ec\u201d RODO,<\/span><\/li>\n<li style=\"font-weight: 400;\"><span style=\"font-weight: 400;\">dochodzenia ewentualnych roszcze\u0144 z tytu\u0142u niewykonania lub nienale\u017cytego wykonania zawartej umowy o \u015bwiadczenie us\u0142ug telekomunikacyjnych, podstawa przetwarzania: art. 6 ust. 1 lit. \u201ef\u201d RODO,<\/span><\/li>\n<li style=\"font-weight: 400;\"><span style=\"font-weight: 400;\">marketingu us\u0142ug \u015bwiadczonych przez Administratora danych, podstawa przetwarzania: art. 6 ust. 1 lit. \u201ef\u201d RODO.<\/span><\/li>\n<\/ol>\n<p><b>OKRES PRZECHOWYWANIA DANYCH<\/b><\/p>\n<p><span style=\"font-weight: 400;\">Pa\u0144stwa dane osobowe b\u0119d\u0105 przechowywane:<\/span><\/p>\n<ol>\n<li style=\"font-weight: 400;\"><span style=\"font-weight: 400;\">przez okres trwania umowy o \u015bwiadczenie us\u0142ug telekomunikacyjnych oraz po zako\u0144czeniu trwania takiej umowy w celu pe\u0142nego rozliczenia si\u0119 stron z warunk\u00f3w umowy, w tym do czasu up\u0142ywu terminu przedawnienia roszcze\u0144 z takiej umowy (3 lata od rozwi\u0105zania umowy), a w zakresie rozlicze\u0144 z urz\u0119dem skarbowym przez okres przedawnienia zobowi\u0105za\u0144 podatkowych, tj. 5 lat od ko\u0144ca roku podatkowego, w kt\u00f3rym pojawi\u0142a si\u0119 konieczno\u015b\u0107 zap\u0142aty podatku z tytu\u0142u \u015bwiadczonych na Pa\u0144stwa rzecz us\u0142ug,<\/span><\/li>\n<li style=\"font-weight: 400;\"><span style=\"font-weight: 400;\">je\u015bli dane s\u0105 przetwarzane w oparciu o wyra\u017con\u0105 zgod\u0119, dane osobowe b\u0119d\u0105 przetwarzane do momentu wycofania tej zgody przez osob\u0119, kt\u00f3rej dane dotycz\u0105.<\/span><\/li>\n<\/ol>\n<p><b>ODBIORCY DANYCH<\/b><\/p>\n<p><span style=\"font-weight: 400;\">Dost\u0119p do danych b\u0119d\u0105 mia\u0142y osoby pracuj\u0105ce i wsp\u00f3\u0142pracuj\u0105ce z Administratorem danych w zakresie realizacji na Pa\u0144stwa rzecz us\u0142ug, w tym realizuj\u0105cych us\u0142ugi wsparcia technicznego oraz podmioty realizuj\u0105ce us\u0142ugi prawno-finansowe na rzecz Administratora danych. Pa\u0144stwa dane w przypadkach \u015bci\u015ble okre\u015blonych przepisami prawa, w tym m.in. ustawy Prawo telekomunikacyjne b\u0119d\u0105 musia\u0142y by\u0107 przekazane tak zwanym uprawnionym organom, Policji, prokuraturze.<\/span><\/p>\n<p><b>PRZEKAZYWANIE DANYCH OSOBOWYCH POZA OBSZAR EOG<\/b><\/p>\n<p><span style=\"font-weight: 400;\">Administrator danych nie zamierza przekazywa\u0107 Pa\u0144stwa danych poza obszar Europejskiego Obszaru Gospodarczego (tj. obszar obejmuj\u0105cy kraje Unii Europejskiej, Norwegi\u0119, Liechtenstein i Islandi\u0119).<\/span><\/p>\n<p><b>PRAWA OSOBY, KT\u00d3REJ DANE DOTYCZ\u0104<\/b><\/p>\n<p><span style=\"font-weight: 400;\">Informujemy, \u017ce przys\u0142uguj\u0105 Pa\u0144stwu nast\u0119puj\u0105ce prawa dotycz\u0105ce danych osobowych:<\/span><\/p>\n<ol>\n<li style=\"font-weight: 400;\"><b>dost\u0119pu do danych osobowych<\/b><span style=\"font-weight: 400;\">, tj. uzyskania informacji, czy Administrator danych przetwarza Pa\u0144stwa dane, a je\u015bli tak, to w jakim zakresie,<\/span><\/li>\n<li style=\"font-weight: 400;\"><b>sprostowania danych osobowych<\/b><span style=\"font-weight: 400;\">, w przypadku, gdy Pa\u0144stwa zdaniem s\u0105 one nieprawid\u0142owe lub niekompletne,<\/span><\/li>\n<li style=\"font-weight: 400;\"><b>ograniczenia przetwarzania danych<\/b><span style=\"font-weight: 400;\">, tj. nakazania przechowywania danych dotychczas zebranych przez Administratora danych i wstrzymania dalszych operacji na danych, za wyj\u0105tkiem ich przechowywania,<\/span><\/li>\n<li style=\"font-weight: 400;\"><b>usuni\u0119cia przetwarzania danych<\/b><span style=\"font-weight: 400;\">, kt\u00f3re przetwarzane s\u0105 przez Administratora danych bezpodstawnie,<\/span><\/li>\n<li style=\"font-weight: 400;\"><b>przeniesienia danych osobowych<\/b><span style=\"font-weight: 400;\">, tj. przes\u0142ania danych innemu administratorowi danych (np. innemu operatorowi) lub przes\u0142ania ich do Pa\u0144stwa.<\/span><\/li>\n<\/ol>\n<p><b>PRZETWARZANIE DANYCH W OPARCIU O WYRA\u017bON\u0104 ZGOD\u0118<\/b><\/p>\n<p><span style=\"font-weight: 400;\">W przypadku, gdy przetwarzanie danych odbywa si\u0119 w oparciu o wyra\u017con\u0105 przez Pa\u0144stwa zgod\u0119, przys\u0142uguje Pa\u0144stwu prawo do cofni\u0119cia tej zgody w dowolnym momencie, z tym zastrze\u017ceniem, \u017ce wycofanie zgody nie wp\u0142ywa na zgodno\u015b\u0107 z prawem przetwarzania, kt\u00f3rego dokonano na podstawie zgody przed jej cofni\u0119ciem.<\/span><\/p>\n<p><b>PRAWO DO WYRA\u017bENIA SPRZECIWU WOBEC PRZETWARZANIA DANYCH<\/b><\/p>\n<p><span style=\"font-weight: 400;\">Przys\u0142uguje Pa\u0144stwu r\u00f3wnie\u017c prawo do wniesienia w dowolnym momencie sprzeciwu:<\/span><\/p>\n<ol>\n<li style=\"font-weight: 400;\"><span style=\"font-weight: 400;\">wobec przetwarzania dotycz\u0105cych Pa\u0144stwa danych na potrzeby <\/span><b>marketingu bezpo\u015bredniego<\/b><span style=\"font-weight: 400;\">. Administratorowi danych, po wniesieniu takiego sprzeciwu, nie b\u0119dzie wolno ju\u017c przetwarza\u0107 danych osobowych do takich cel\u00f3w,<\/span><\/li>\n<li style=\"font-weight: 400;\"><span style=\"font-weight: 400;\">z przyczyn zwi\u0105zanych z Pa\u0144stwa szczeg\u00f3ln\u0105 sytuacj\u0105 \u2013 wobec przetwarzania danych, kt\u00f3re odbywa si\u0119 w oparciu o <\/span><b>wykonanie zadania realizowanego w interesie publicznym <\/b><span style=\"font-weight: 400;\">lub <\/span><b>dla cel\u00f3w wynikaj\u0105cych z prawnie uzasadnionych interes\u00f3w Administratora danych<\/b><span style=\"font-weight: 400;\">. Administratorowi danych, po wniesieniu takiego sprzeciwu, nie b\u0119dzie wolno ju\u017c przetwarza\u0107 danych osobowych do takich cel\u00f3w, chyba \u017ce Administrator danych wyka\u017ce, \u017ce istniej\u0105 wa\u017cne prawnie uzasadnione podstawy do dalszego przetwarzania danych, kt\u00f3re b\u0119d\u0105 nadrz\u0119dne wobec Pa\u0144stwa interes\u00f3w, praw i wolno\u015bci, albo gdy istnie\u0107 b\u0119d\u0105 podstawy do ustalenia, dochodzenia lub obrony roszcze\u0144.<\/span><\/li>\n<\/ol>\n<p><b>PODSTAWA PODANIA DANYCH OSOBOWYCH<\/b><\/p>\n<p><span style=\"font-weight: 400;\">Do zawarcia umowy o \u015bwiadczenie us\u0142ug telekomunikacyjnych wymagane jest podanie przez Pa\u0144stwa danych wskazanych w formularzu umowy. Dopuszczalny zakres zbierania i przetwarzania tych danych jest obecnie okre\u015blony obowi\u0105zuj\u0105c\u0105 ustaw\u0105 z 2004 roku Prawo telekomunikacyjne (art. 161 ust. 2). Podanie tych danych przy zawieraniu umowy <\/span><b>nie jest wymogiem ustawowym<\/b><span style=\"font-weight: 400;\">, ale wi\u0105\u017ce si\u0119 z obowi\u0105zkiem Administratora danych (dostawcy us\u0142ugi telekomunikacyjnej) zwi\u0105zanym z potwierdzeniem zgodno\u015bci podanych przez abonenta danych w celu zawarcia, jak i wykonania umowy. Bez tych danych nie b\u0119dziemy mogli realizowa\u0107 zawartej umowy.<\/span><\/p>\n<p><span style=\"font-weight: 400;\">Dodatkowo mo\u017cemy prosi\u0107 o podanie danych opcjonalnych, kt\u00f3rych nie podanie znacz\u0105co utrudni lub spowoduje brak mo\u017cliwo\u015bci kontaktu z Pa\u0144stwem (np. numer telefonu lub e-mail), ale nie wp\u0142ynie na mo\u017cliwo\u015b\u0107 zawarcia umowy. Dane te zosta\u0142y okre\u015blone w art. 161 ust. 3 powo\u0142anej wy\u017cej ustawy Prawo telekomunikacyjne.<\/span><\/p>\n<p><b>PRAWO DO WNIESIENIA SKARGI DO ORGANU NADZORU<\/b><\/p>\n<p><span style=\"font-weight: 400;\">Przys\u0142uguje Pa\u0144stwu prawo do wniesienia skargi do organu nadzorczego, kt\u00f3rym ma by\u0107 ustanowiony <\/span><b>Prezes Urz\u0119du Ochrony Danych Osobowych<\/b><span style=\"font-weight: 400;\"> w przypadku, gdy Pa\u0144stwa zdaniem przetwarzanie danych osobowych przez Administratora danych odbywa si\u0119 z naruszeniem prawa.<\/span><\/p>\n<p><b>INFORMACJA O ZAUTOMATYZOWANYM PODEJMOWANIU DECYZJI<\/b><\/p>\n<p><span style=\"font-weight: 400;\">Pa\u0144stwa dane <\/span><b>nie b\u0119d\u0105<\/b><span style=\"font-weight: 400;\"> przetwarzane w spos\u00f3b zautomatyzowany w tym r\u00f3wnie\u017c profilowane, co oznacza, \u017ce \u017cadne decyzje wywo\u0142uj\u0105ce wobec Pa\u0144stwa skutki prawne lub w podobny spos\u00f3b na Pa\u0144stwa istotnie wp\u0142ywaj\u0105ce nie b\u0119d\u0105 oparte wy\u0142\u0105cznie na automatycznym przetwarzaniu danych osobowych i nie wi\u0105\u017c\u0105 si\u0119 <\/span><span style=\"font-weight: 400;\"><br \/>\n<\/span><span style=\"font-weight: 400;\">z tak\u0105 automatycznie podejmowan\u0105 decyzj\u0105. <\/span><\/p>\n<p>&nbsp;<\/p>\n","protected":false},"excerpt":{"rendered":"<p>INFORMACJE OG\u00d3LNE Od 25 maja 2018 r. stosowane jest rozporz\u0105dzenie Parlamentu Europejskiego i Rady (UE) 2016\/679 z dnia 27 kwietnia 2016 r. w sprawie ochrony os\u00f3b fizycznych w zwi\u0105zku z przetwarzaniem danych osobowych i w sprawie swobodnego przep\u0142ywu takich danych oraz uchylenia dyrektywy 95\/46\/WE (og\u00f3lne rozporz\u0105dzenie o ochronie danych osobowych), Dz. Urz. UE. L Nr [&hellip;]<\/p>\n","protected":false},"author":11,"featured_media":0,"parent":0,"menu_order":0,"comment_status":"closed","ping_status":"closed","template":"","meta":{"_et_pb_use_builder":"","_et_pb_old_content":"","_et_gb_content_width":"","footnotes":""},"class_list":["post-2233","page","type-page","status-publish","hentry"],"jetpack_sharing_enabled":true,"_links":{"self":[{"href":"https:\/\/plastcom.pl\/index.php?rest_route=\/wp\/v2\/pages\/2233","targetHints":{"allow":["GET"]}}],"collection":[{"href":"https:\/\/plastcom.pl\/index.php?rest_route=\/wp\/v2\/pages"}],"about":[{"href":"https:\/\/plastcom.pl\/index.php?rest_route=\/wp\/v2\/types\/page"}],"author":[{"embeddable":true,"href":"https:\/\/plastcom.pl\/index.php?rest_route=\/wp\/v2\/users\/11"}],"replies":[{"embeddable":true,"href":"https:\/\/plastcom.pl\/index.php?rest_route=%2Fwp%2Fv2%2Fcomments&post=2233"}],"version-history":[{"count":2,"href":"https:\/\/plastcom.pl\/index.php?rest_route=\/wp\/v2\/pages\/2233\/revisions"}],"predecessor-version":[{"id":185326,"href":"https:\/\/plastcom.pl\/index.php?rest_route=\/wp\/v2\/pages\/2233\/revisions\/185326"}],"wp:attachment":[{"href":"https:\/\/plastcom.pl\/index.php?rest_route=%2Fwp%2Fv2%2Fmedia&parent=2233"}],"curies":[{"name":"wp","href":"https:\/\/api.w.org\/{rel}","templated":true}]}}