{"id":2270,"date":"2018-12-12T13:42:11","date_gmt":"2018-12-12T13:42:11","guid":{"rendered":"http:\/\/plastcom.pl\/?page_id=2270"},"modified":"2018-12-12T14:11:07","modified_gmt":"2018-12-12T14:11:07","slug":"projekty-unijne","status":"publish","type":"page","link":"https:\/\/plastcom.pl\/?page_id=2270","title":{"rendered":"Projekty Unijne"},"content":{"rendered":"<p style=\"text-align: center;\"><strong>PlastCOM s.c. realizuje projekt<\/strong><\/p>\n<h2 style=\"text-align: center;\">\u201eRozw\u00f3j potencja\u0142u rynkowego przedsi\u0119biorstwa poprzez uruchomienie nowoczesnych us\u0142ug telekomunikacyjnych na rynku regionalnym i krajowym\u201d<\/h2>\n<p style=\"text-align: center;\">W ramach projektu sp\u00f3\u0142ka wprowadzi nowe us\u0142ugi celem podniesienia swojej pozycji na rynku IT.<\/p>\n<p style=\"text-align: center;\"><strong>Koszt kwalifikowalny: 1 210 000,00 PLN<\/strong><br \/>\n<strong>Dofinansowanie: 605 000,00 PLN<\/strong><\/p>\n<p style=\"text-align: center;\"><a href=\"https:\/\/plastcom.pl\/?page_id=2270\"><img loading=\"lazy\" decoding=\"async\" class=\"aligncenter size-full wp-image-2271\" src=\"https:\/\/plastcom.pl\/wp-content\/uploads\/2018\/12\/programy-unijne.jpg\" alt=\"\" width=\"863\" height=\"80\" \/><\/a><\/p>\n","protected":false},"excerpt":{"rendered":"<p>PlastCOM s.c. realizuje projekt \u201eRozw\u00f3j potencja\u0142u rynkowego przedsi\u0119biorstwa poprzez uruchomienie nowoczesnych us\u0142ug telekomunikacyjnych na rynku regionalnym i krajowym\u201d W ramach projektu sp\u00f3\u0142ka wprowadzi nowe us\u0142ugi celem podniesienia swojej pozycji na rynku IT. Koszt kwalifikowalny: 1 210 000,00 PLN Dofinansowanie: 605 000,00 PLN<\/p>\n","protected":false},"author":11,"featured_media":0,"parent":0,"menu_order":0,"comment_status":"closed","ping_status":"closed","template":"page-full.php","meta":{"_et_pb_use_builder":"","_et_pb_old_content":"","_et_gb_content_width":"","footnotes":""},"class_list":["post-2270","page","type-page","status-publish","hentry"],"jetpack_sharing_enabled":true,"_links":{"self":[{"href":"https:\/\/plastcom.pl\/index.php?rest_route=\/wp\/v2\/pages\/2270","targetHints":{"allow":["GET"]}}],"collection":[{"href":"https:\/\/plastcom.pl\/index.php?rest_route=\/wp\/v2\/pages"}],"about":[{"href":"https:\/\/plastcom.pl\/index.php?rest_route=\/wp\/v2\/types\/page"}],"author":[{"embeddable":true,"href":"https:\/\/plastcom.pl\/index.php?rest_route=\/wp\/v2\/users\/11"}],"replies":[{"embeddable":true,"href":"https:\/\/plastcom.pl\/index.php?rest_route=%2Fwp%2Fv2%2Fcomments&post=2270"}],"version-history":[{"count":0,"href":"https:\/\/plastcom.pl\/index.php?rest_route=\/wp\/v2\/pages\/2270\/revisions"}],"wp:attachment":[{"href":"https:\/\/plastcom.pl\/index.php?rest_route=%2Fwp%2Fv2%2Fmedia&parent=2270"}],"curies":[{"name":"wp","href":"https:\/\/api.w.org\/{rel}","templated":true}]}}