{"id":662,"date":"2011-01-19T09:20:39","date_gmt":"2011-01-19T09:20:39","guid":{"rendered":"http:\/\/plastcom.pl\/?page_id=662"},"modified":"2014-06-17T20:45:23","modified_gmt":"2014-06-17T20:45:23","slug":"telewizja","status":"publish","type":"page","link":"https:\/\/plastcom.pl\/?page_id=662","title":{"rendered":"Telewizja"},"content":{"rendered":"<p><a href=\"https:\/\/plastcom.pl\/?cat=6\">Ogromny wyb\u00f3r kana\u0142\u00f3w!<\/a><\/p>\n<ul>\n<li><strong>telewizja kablowa 3 generacji<\/strong><\/li>\n<li>bogaty wyb\u00f3r kana\u0142\u00f3w<\/li>\n<li><strong> kana\u0142y HD w ofercie<\/strong><\/li>\n<li>us\u0142ugi interaktywne<\/li>\n<li><strong> szybki dost\u0119p do informacji<\/strong><\/li>\n<li>korzystny abonament<\/li>\n<li><strong> atrakcyjne pakiety<\/strong><\/li>\n<\/ul>\n","protected":false},"excerpt":{"rendered":"<p>Ogromny wyb\u00f3r kana\u0142\u00f3w! telewizja kablowa 3 generacji bogaty wyb\u00f3r kana\u0142\u00f3w kana\u0142y HD w ofercie us\u0142ugi interaktywne szybki dost\u0119p do informacji korzystny abonament atrakcyjne pakiety<\/p>\n","protected":false},"author":11,"featured_media":667,"parent":0,"menu_order":7,"comment_status":"closed","ping_status":"open","template":"","meta":{"_et_pb_use_builder":"","_et_pb_old_content":"","_et_gb_content_width":"","footnotes":""},"class_list":["post-662","page","type-page","status-publish","has-post-thumbnail","hentry"],"jetpack_sharing_enabled":true,"_links":{"self":[{"href":"https:\/\/plastcom.pl\/index.php?rest_route=\/wp\/v2\/pages\/662","targetHints":{"allow":["GET"]}}],"collection":[{"href":"https:\/\/plastcom.pl\/index.php?rest_route=\/wp\/v2\/pages"}],"about":[{"href":"https:\/\/plastcom.pl\/index.php?rest_route=\/wp\/v2\/types\/page"}],"author":[{"embeddable":true,"href":"https:\/\/plastcom.pl\/index.php?rest_route=\/wp\/v2\/users\/11"}],"replies":[{"embeddable":true,"href":"https:\/\/plastcom.pl\/index.php?rest_route=%2Fwp%2Fv2%2Fcomments&post=662"}],"version-history":[{"count":0,"href":"https:\/\/plastcom.pl\/index.php?rest_route=\/wp\/v2\/pages\/662\/revisions"}],"wp:featuredmedia":[{"embeddable":true,"href":"https:\/\/plastcom.pl\/index.php?rest_route=\/wp\/v2\/media\/667"}],"wp:attachment":[{"href":"https:\/\/plastcom.pl\/index.php?rest_route=%2Fwp%2Fv2%2Fmedia&parent=662"}],"curies":[{"name":"wp","href":"https:\/\/api.w.org\/{rel}","templated":true}]}}