{"id":676,"date":"2011-01-20T10:09:35","date_gmt":"2011-01-20T10:09:35","guid":{"rendered":"http:\/\/plastcom.pl\/?page_id=676"},"modified":"2011-06-07T18:57:24","modified_gmt":"2011-06-07T18:57:24","slug":"faktury-za-2010","status":"publish","type":"page","link":"https:\/\/plastcom.pl\/?page_id=676","title":{"rendered":"Faktury i P\u0142atno\u015bci"},"content":{"rendered":"<h3>Szanowni Pa\u0144stwo<\/h3>\n<p>W celu dost\u0119pu do systemu p\u0142atno\u015bci i drukowania faktur prosimy o wype\u0142nienie poni\u017cszego formularza oraz zaznaczenie opcji \u201e<strong>wyra\u017cam zgod\u0119 na otrzymywanie i pobieranie faktur drog\u0105 elektroniczn\u0105<\/strong>\u201d.<\/p>\n<p>Po wprowadzeniu poprawnych danych zostanie wy\u015bwietlony unikalny\u00a0<strong>Numer ID<\/strong> oraz\u00a0<strong>PIN<\/strong>.<br \/>\nProsz\u0119 je sobie zapisa\u0107 i nie przekazywa\u0107 osobom postronnym.<\/p>\n<p>Je\u015bli posiadacie Pa\u0144stwo adres zewn\u0119trzny ( z puli 83.238.117.xxx lub 83.238.116.xxx) &#8211; przed wype\u0142nieniem formularza nale\u017cy sprawdzi\u0107:<\/p>\n<ul>\n<li>Czy adres w komputerze jest wpisany na sta\u0142e &#8211; je\u015bli tak &#8211;\u00a0prosz\u0119 zmieni\u0107 na: &#8222;<strong>Uzyskaj adres ip\u00a0automatycznie<\/strong>&#8221;\u00a0i &#8222;<strong>Uzyskaj adres serwera DNS automatycznie<\/strong>&#8221; &#8211; zostanie przydzielony nowy adres.<\/li>\n<li>Je\u015bli posiadaj\u0105 Pa\u0144stwo adres zewn\u0119trzny i router &#8211; na routerze nale\u017cy ustawi\u0107, aby adres przydziela\u0142 si\u0119 automatycznie.<\/li>\n<\/ul>\n","protected":false},"excerpt":{"rendered":"<p>Szanowni Pa\u0144stwo W celu dost\u0119pu do systemu p\u0142atno\u015bci i drukowania faktur prosimy o wype\u0142nienie poni\u017cszego formularza oraz zaznaczenie opcji \u201ewyra\u017cam zgod\u0119 na otrzymywanie i pobieranie faktur drog\u0105 elektroniczn\u0105\u201d. Po wprowadzeniu poprawnych danych zostanie wy\u015bwietlony unikalny\u00a0Numer ID oraz\u00a0PIN. Prosz\u0119 je sobie zapisa\u0107 i nie przekazywa\u0107 osobom postronnym. Je\u015bli posiadacie Pa\u0144stwo adres zewn\u0119trzny ( z puli 83.238.117.xxx [&hellip;]<\/p>\n","protected":false},"author":11,"featured_media":0,"parent":0,"menu_order":2,"comment_status":"closed","ping_status":"open","template":"temple-form.php","meta":{"_et_pb_use_builder":"","_et_pb_old_content":"","_et_gb_content_width":"","footnotes":""},"class_list":["post-676","page","type-page","status-publish","hentry"],"jetpack_sharing_enabled":true,"_links":{"self":[{"href":"https:\/\/plastcom.pl\/index.php?rest_route=\/wp\/v2\/pages\/676","targetHints":{"allow":["GET"]}}],"collection":[{"href":"https:\/\/plastcom.pl\/index.php?rest_route=\/wp\/v2\/pages"}],"about":[{"href":"https:\/\/plastcom.pl\/index.php?rest_route=\/wp\/v2\/types\/page"}],"author":[{"embeddable":true,"href":"https:\/\/plastcom.pl\/index.php?rest_route=\/wp\/v2\/users\/11"}],"replies":[{"embeddable":true,"href":"https:\/\/plastcom.pl\/index.php?rest_route=%2Fwp%2Fv2%2Fcomments&post=676"}],"version-history":[{"count":0,"href":"https:\/\/plastcom.pl\/index.php?rest_route=\/wp\/v2\/pages\/676\/revisions"}],"wp:attachment":[{"href":"https:\/\/plastcom.pl\/index.php?rest_route=%2Fwp%2Fv2%2Fmedia&parent=676"}],"curies":[{"name":"wp","href":"https:\/\/api.w.org\/{rel}","templated":true}]}}