{"id":70104,"date":"2020-09-22T04:55:57","date_gmt":"2020-09-22T04:55:57","guid":{"rendered":"http:\/\/plastcom.pl\/?page_id=70104"},"modified":"2026-03-04T15:15:00","modified_gmt":"2026-03-04T15:15:00","slug":"dokumenty-dla-abonenta","status":"publish","type":"page","link":"https:\/\/plastcom.pl\/?page_id=70104","title":{"rendered":"Dokumenty dla Abonenta"},"content":{"rendered":"<h4><strong>DOKUMENTY NIEZB\u0118DNE DO \u015aWIADCZENIA US\u0141UG OFEROWANYCH PRZEZ OPERATORA<\/strong><\/h4>\n<hr \/>\n<h3>Informacje przedumowne:<\/h3>\n<ul>\n<li><a href=\"https:\/\/plastcom.pl\/pliki\/sj\/SGT-Informacje-Przedumowne-Regulamin-swiadczenia-uslug-dla-umow-zawartych-od-20-02-2025.pdf\" target=\"_blank\" rel=\"noopener\">SGT Informacje Przedumowne &#8211; Regulamin swiadczenia uslug dla umow zawartych od 20-02-2025<\/a><\/li>\n<li><a href=\"https:\/\/plastcom.pl\/pliki\/sj\/ID-Informacje-Przedumowne-Regulamin-swiadczenia-uslug-dla-umow-zawartych-od-20-02-2025.pdf\" target=\"_blank\" rel=\"noopener\">ID Informacje Przedumowne &#8211; Regulamin swiadczenia uslug dla umow zawartych od 20-02-2025<\/a><\/li>\n<li><a href=\"https:\/\/plastcom.pl\/pliki\/sj\/ID2-Informacje-Przedumowne-Regulamin-swiadczenia-uslug-dla-umow-zawartych-od-20-02-2025.pdf\" target=\"_blank\" rel=\"noopener\">ID2 Informacje Przedumowne &#8211; Regulamin swiadczenia uslug dla umow zawartych od 20-02-2025<\/a><\/li>\n<li><a href=\"https:\/\/plastcom.pl\/pliki\/nowe\/PlastCOM Informacje przedumowne - Regulamin swiadczenia uslug komunikacji elektronicznej dla umow zawartych od 20-04-2025.pdf\" target=\"_blank\" rel=\"noopener\">PlastCOM Informacje przedumowne &#8211; Regulamin swiadczenia uslug komunikacji elektronicznej dla umow zawartych od 20-04-2025<\/a><\/li>\n<\/ul>\n<hr \/>\n<h3>Cenniki us\u0142ug:<\/h3>\n<ul>\n<li><a href=\"https:\/\/plastcom.pl\/pliki\/sj\/PlastCOM-Cennik-Uslug-TELEFONII-VOIP-od-20-02-2025.pdf\" target=\"_blank\" rel=\"noopener\">PlastCOM-Cennik-Us\u0142ug-TELEFONII-VOIP od 20-02-2025<\/a><\/li>\n<li><a href=\"https:\/\/plastcom.pl\/pliki\/PlastCOM-Cennik-Uslug-INTERNET-BIZNES-od-01-01-2026.pdf\">PlastCOM-Cennik-Uslug-INTERNET-BIZNES-od-01-01-2026<\/a><\/li>\n<li><a href=\"https:\/\/plastcom.pl\/pliki\/PlastCOM-Cennik-Uslug-INTERNET-SEZONOWY-od-01-01-2026.pdf\">PlastCOM-Cennik-Uslug-INTERNET-SEZONOWY-od-01-01-2026<\/a><\/li>\n<li><a href=\"https:\/\/plastcom.pl\/pliki\/PlastCOM-Cennik-Uslug-TV-PODSTAWOWY-KORZYSTNY-BOGATY-od-01-01-2026.pdf\">PlastCOM-Cennik-Uslug-TV-PODSTAWOWY-KORZYSTNY-BOGATY-od-01-01-2026<\/a><\/li>\n<li><a href=\"https:\/\/plastcom.pl\/pliki\/PlastCOM-Cennik-Uslug-TV-START-PLUS-MIKRO-od-01-01-2026.pdf\">PlastCOM-Cennik-Uslug-TV-START-PLUS-MIKRO-od-01-01-2026<\/a><\/li>\n<li><a href=\"https:\/\/plastcom.pl\/pliki\/PlastCOM-Cennik-Uslug-TV-WIELOTEMATYCZNY-od-01-01-2026.pdf\">PlastCOM-Cennik-Uslug-TV-WIELOTEMATYCZNY-od-01-01-2026<\/a><\/li>\n<li><a href=\"https:\/\/plastcom.pl\/pliki\/PlastCOM-Cennik-Us%C5%82ug-INTERNET+TV-01-01-2026.pdf\">PlastCOM-Cennik-Us\u0142ug-INTERNET+TV-01-01-2026<\/a><\/li>\n<li><a href=\"https:\/\/plastcom.pl\/pliki\/PlastCOM-Cennik-Us%C5%82ug-INTERNET-01-03-2026.pdf\">PlastCOM-Cennik-Us\u0142ug-INTERNET-01-03-2026<\/a><\/li>\n<\/ul>\n<hr \/>\n<h3>Umowy:<\/h3>\n<ul>\n<li><a href=\"https:\/\/plastcom.pl\/pliki\/nowe\/PlastCOM-Wzor-umowy-komunikacji-elektronicznej-internet-telefon-konsument-od-20-02-2025.pdf\" target=\"_blank\" rel=\"noopener\">PlastCOM &#8211; Wzor-umowy-komunikacji-elektronicznej-internet-telefon-konsument-od-20-02-2025<\/a><\/li>\n<li><a href=\"https:\/\/plastcom.pl\/pliki\/sj\/PlastCOM-Wzor-umowy-komunikacji-elektronicznej-internet-telefon-biznes-od-20-02-2025.pdf\" target=\"_blank\" rel=\"noopener\">PlastCOM &#8211; Wzor-umowy-komunikacji-elektronicznej-internet-telefon-biznes od 20-02-2025<\/a><\/li>\n<li><a href=\"https:\/\/plastcom.pl\/pliki\/sj\/PlastCOM-Wzor-umowy-komunikacji-elektronicznej-Telewizja-ID-od-20-02-2025.pdf\" target=\"_blank\" rel=\"noopener\">PlastCOM &#8211; Wzor-umowy-komunikacji-elektronicznej-Telewizja-ID od 20-02-2025<\/a><\/li>\n<li><a href=\"https:\/\/plastcom.pl\/pliki\/sj\/PlastCOM-Wzor-umowy-komunikacji-elektronicznej-Telewizja-ID2-od-20-02-2025.pdf\" target=\"_blank\" rel=\"noopener\">PlastCOM &#8211; Wzor-umowy-komunikacji-elektronicznej-Telewizja-ID2 od 20-02-2025<\/a><\/li>\n<li><a href=\"https:\/\/plastcom.pl\/pliki\/sj\/PlastCOM-Wzor-umowy-komunikacji-elektronicznej-Telewizja-SGT-od-20-02-2025.pdf\" target=\"_blank\" rel=\"noopener\">PlastCOM &#8211; Wzor-umowy-komunikacji-elektronicznej-Telewizja-SGT od 20-02-2025<\/a><\/li>\n<\/ul>\n<hr \/>\n<p><a href=\"https:\/\/plastcom.pl\/?page_id=185267\" target=\"_blank\" rel=\"noopener\">Dokumenty Archiwalne<\/a><\/p>\n","protected":false},"excerpt":{"rendered":"<p>DOKUMENTY NIEZB\u0118DNE DO \u015aWIADCZENIA US\u0141UG OFEROWANYCH PRZEZ OPERATORA Informacje przedumowne: SGT Informacje Przedumowne &#8211; Regulamin swiadczenia uslug dla umow zawartych od 20-02-2025 ID Informacje Przedumowne &#8211; Regulamin swiadczenia uslug dla umow zawartych od 20-02-2025 ID2 Informacje Przedumowne &#8211; Regulamin swiadczenia uslug dla umow zawartych od 20-02-2025 PlastCOM Informacje przedumowne &#8211; Regulamin swiadczenia uslug komunikacji elektronicznej [&hellip;]<\/p>\n","protected":false},"author":7,"featured_media":0,"parent":0,"menu_order":0,"comment_status":"closed","ping_status":"closed","template":"","meta":{"_et_pb_use_builder":"off","_et_pb_old_content":"","_et_gb_content_width":"","footnotes":""},"class_list":["post-70104","page","type-page","status-publish","hentry"],"jetpack_sharing_enabled":true,"_links":{"self":[{"href":"https:\/\/plastcom.pl\/index.php?rest_route=\/wp\/v2\/pages\/70104","targetHints":{"allow":["GET"]}}],"collection":[{"href":"https:\/\/plastcom.pl\/index.php?rest_route=\/wp\/v2\/pages"}],"about":[{"href":"https:\/\/plastcom.pl\/index.php?rest_route=\/wp\/v2\/types\/page"}],"author":[{"embeddable":true,"href":"https:\/\/plastcom.pl\/index.php?rest_route=\/wp\/v2\/users\/7"}],"replies":[{"embeddable":true,"href":"https:\/\/plastcom.pl\/index.php?rest_route=%2Fwp%2Fv2%2Fcomments&post=70104"}],"version-history":[{"count":24,"href":"https:\/\/plastcom.pl\/index.php?rest_route=\/wp\/v2\/pages\/70104\/revisions"}],"predecessor-version":[{"id":185451,"href":"https:\/\/plastcom.pl\/index.php?rest_route=\/wp\/v2\/pages\/70104\/revisions\/185451"}],"wp:attachment":[{"href":"https:\/\/plastcom.pl\/index.php?rest_route=%2Fwp%2Fv2%2Fmedia&parent=70104"}],"curies":[{"name":"wp","href":"https:\/\/api.w.org\/{rel}","templated":true}]}}