{"id":756,"date":"2011-02-04T21:44:26","date_gmt":"2011-02-04T21:44:26","guid":{"rendered":"http:\/\/plastcom.pl\/?page_id=756"},"modified":"2021-06-17T09:39:40","modified_gmt":"2021-06-17T09:39:40","slug":"linki","status":"publish","type":"page","link":"https:\/\/plastcom.pl\/?page_id=756","title":{"rendered":"Linki"},"content":{"rendered":"<ul>\n<li><a href=\"http:\/\/www.reda.pl\/miasto\/index.php\">Miasto Reda <\/a><\/li>\n<li><a href=\"http:\/\/www.smreda.pl\/index.php\">Sp\u00f3\u0142dzielnia Mieszkaniowa &#8222;REDA&#8221; <\/a><\/li>\n<li><a href=\"http:\/\/sm-sloneczna.pl\/\">Sp\u00f3\u0142dzielnia S\u0141ONECZNA w Redzie <\/a><\/li>\n<li><a href=\"http:\/\/e-reda.pl\/\">Forum mieszka\u0144c\u00f3w Redy <\/a><\/li>\n<li><a href=\"http:\/\/www.mtk.pl\/forum\/\">MTK Forum Ma\u0142ego Tr\u00f3jmiasta Kaszubskiego <\/a><\/li>\n<li><a href=\"http:\/\/www.redamlyn.fora.pl\/\/\">Forum osiedla Przy M\u0142ynie <\/a><\/li>\n<li><a href=\"http:\/\/www.um.rumia.pl\/\">Urz\u0105d Miasta Rumia <\/a><\/li>\n<li><a href=\"http:\/\/www.wsm.wejher.pl\/\">Wejherowska Sp\u00f3\u0142dzielnia Mieszkaniowa<\/a><\/li>\n<\/ul>\n","protected":false},"excerpt":{"rendered":"<p>Miasto Reda Sp\u00f3\u0142dzielnia Mieszkaniowa &#8222;REDA&#8221; Sp\u00f3\u0142dzielnia S\u0141ONECZNA w Redzie Forum mieszka\u0144c\u00f3w Redy MTK Forum Ma\u0142ego Tr\u00f3jmiasta Kaszubskiego Forum osiedla Przy M\u0142ynie Urz\u0105d Miasta Rumia Wejherowska Sp\u00f3\u0142dzielnia Mieszkaniowa<\/p>\n","protected":false},"author":11,"featured_media":0,"parent":0,"menu_order":0,"comment_status":"closed","ping_status":"closed","template":"","meta":{"_et_pb_use_builder":"","_et_pb_old_content":"","_et_gb_content_width":"","footnotes":""},"class_list":["post-756","page","type-page","status-publish","hentry"],"jetpack_sharing_enabled":true,"_links":{"self":[{"href":"https:\/\/plastcom.pl\/index.php?rest_route=\/wp\/v2\/pages\/756","targetHints":{"allow":["GET"]}}],"collection":[{"href":"https:\/\/plastcom.pl\/index.php?rest_route=\/wp\/v2\/pages"}],"about":[{"href":"https:\/\/plastcom.pl\/index.php?rest_route=\/wp\/v2\/types\/page"}],"author":[{"embeddable":true,"href":"https:\/\/plastcom.pl\/index.php?rest_route=\/wp\/v2\/users\/11"}],"replies":[{"embeddable":true,"href":"https:\/\/plastcom.pl\/index.php?rest_route=%2Fwp%2Fv2%2Fcomments&post=756"}],"version-history":[{"count":2,"href":"https:\/\/plastcom.pl\/index.php?rest_route=\/wp\/v2\/pages\/756\/revisions"}],"predecessor-version":[{"id":110909,"href":"https:\/\/plastcom.pl\/index.php?rest_route=\/wp\/v2\/pages\/756\/revisions\/110909"}],"wp:attachment":[{"href":"https:\/\/plastcom.pl\/index.php?rest_route=%2Fwp%2Fv2%2Fmedia&parent=756"}],"curies":[{"name":"wp","href":"https:\/\/api.w.org\/{rel}","templated":true}]}}