{"id":826,"date":"2011-05-12T10:26:37","date_gmt":"2011-05-12T10:26:37","guid":{"rendered":"http:\/\/plastcom.pl\/?page_id=826"},"modified":"2011-05-20T20:58:49","modified_gmt":"2011-05-20T20:58:49","slug":"pakiety","status":"publish","type":"page","link":"https:\/\/plastcom.pl\/?page_id=826","title":{"rendered":"Lista program\u00f3w"},"content":{"rendered":"<h2><strong>Du\u017co <\/strong>i konkretnie, ale<strong> Pami\u0119taj<\/strong> &#8211; to nie jest nasze ostatnie <strong>s\u0142owo<\/strong>.<\/h2>\n<p>Poni\u017cej przedstawiamy aktualn\u0105 list\u0119 program\u00f3w dost\u0119pnych na naszej platformie.<br \/>\nMamy nadziej\u0119, \u017ce ka\u017cdy z Was znajdzie co\u015b dla siebie.<\/p>\n","protected":false},"excerpt":{"rendered":"<p>Du\u017co i konkretnie, ale Pami\u0119taj &#8211; to nie jest nasze ostatnie s\u0142owo. Poni\u017cej przedstawiamy aktualn\u0105 list\u0119 program\u00f3w dost\u0119pnych na naszej platformie. Mamy nadziej\u0119, \u017ce ka\u017cdy z Was znajdzie co\u015b dla siebie.<\/p>\n","protected":false},"author":11,"featured_media":0,"parent":662,"menu_order":0,"comment_status":"open","ping_status":"open","template":"page-tv-pakiety.php","meta":{"_et_pb_use_builder":"","_et_pb_old_content":"","_et_gb_content_width":"","footnotes":""},"class_list":["post-826","page","type-page","status-publish","hentry"],"jetpack_sharing_enabled":true,"_links":{"self":[{"href":"https:\/\/plastcom.pl\/index.php?rest_route=\/wp\/v2\/pages\/826","targetHints":{"allow":["GET"]}}],"collection":[{"href":"https:\/\/plastcom.pl\/index.php?rest_route=\/wp\/v2\/pages"}],"about":[{"href":"https:\/\/plastcom.pl\/index.php?rest_route=\/wp\/v2\/types\/page"}],"author":[{"embeddable":true,"href":"https:\/\/plastcom.pl\/index.php?rest_route=\/wp\/v2\/users\/11"}],"replies":[{"embeddable":true,"href":"https:\/\/plastcom.pl\/index.php?rest_route=%2Fwp%2Fv2%2Fcomments&post=826"}],"version-history":[{"count":0,"href":"https:\/\/plastcom.pl\/index.php?rest_route=\/wp\/v2\/pages\/826\/revisions"}],"up":[{"embeddable":true,"href":"https:\/\/plastcom.pl\/index.php?rest_route=\/wp\/v2\/pages\/662"}],"wp:attachment":[{"href":"https:\/\/plastcom.pl\/index.php?rest_route=%2Fwp%2Fv2%2Fmedia&parent=826"}],"curies":[{"name":"wp","href":"https:\/\/api.w.org\/{rel}","templated":true}]}}