{"id":879,"date":"2011-05-20T11:59:37","date_gmt":"2011-05-20T11:59:37","guid":{"rendered":"http:\/\/plastcom.pl\/?page_id=879"},"modified":"2021-02-17T14:57:35","modified_gmt":"2021-02-17T14:57:35","slug":"wideo-na-zyczenie-vod","status":"publish","type":"page","link":"https:\/\/plastcom.pl\/?page_id=879","title":{"rendered":"Dekodery"},"content":{"rendered":"<h2><strong>Dekodery<\/strong> &#8211; Tw\u00f3j <strong>klucz<\/strong> do dobrej<strong> zabawy<\/strong>.<\/h2>\n<p>W naszej sieci stosujemy poni\u017csze modele dekoder\u00f3w.<br \/>Zapoznajcie si\u0119 z ich mo\u017cliwo\u015bciami.<br \/><img decoding=\"async\" src=\"http:\/\/www.jambox.pl\/sites\/default\/files\/stb-mag250-huge.jpg\" alt=\"\" \/><\/p>\n<h2>MAG 250 HD<\/h2>\n<p><strong>MAG250 HD<\/strong>\u00a0to najmniejszy model dekodera w ofercie JAMBOX. Umo\u017cliwia w wygodny spos\u00f3b ogl\u0105danie telewizji w wysokiej rozdzielczo\u015bci HDTV. Wyposa\u017cony w z\u0142\u0105cze HDMI idealnie wsp\u00f3\u0142pracuje z telewizorami LCD i plazmowymi. Umo\u017cliwia korzystanie z przydatnych i wygodnych funkcji takich jak: przewodnik po programach EPG, ustawianie listy ulubionych kana\u0142\u00f3w z w\u0142asn\u0105 numeracj\u0105, ochrona rodzicielska, ustawianie \u015bcie\u017cek d\u017awi\u0119kowych i napis\u00f3w. Dekoder nie jest wyposa\u017cony fabrycznie w dysk twardy, ale po pod\u0142\u0105czeniu zewn\u0119trznego dysku USB\u00a0staje si\u0119 dekoderem z cyfrow\u0105 nagrywark\u0105 umo\u017cliwiaj\u0105c\u0105 nagrywanie film\u00f3w, program\u00f3w tv, tak aby m\u00f3c je ogl\u0105da\u0107 wtedy kiedy chcemy a nie wtedy kiedy s\u0105 emitowane. Po pod\u0142\u0105czeniu dysku USB jest tak\u017ce mo\u017cliwo\u015b\u0107 zatrzymywania telewizji na \u017cywo.<\/p>\n<p><b>Og\u00f3lna specyfikacja techniczna MAG250:<\/b><\/p>\n<ul>\n<li>Oparty na systemie Linux<\/li>\n<li>Szybki procesor 450Mhz<\/li>\n<li>Wysoka rozdzielczo\u015b\u0107 HDTV w trybach 1920x1080i oraz 1280x720p<\/li>\n<li>Obraz w standardach MPEG4 (H.264) oraz MPEG2<\/li>\n<li>Detekcja formatu panoramicznego TV<\/li>\n<li>D\u017awi\u0119k przestrzenny 5.1 Dolby Digital<\/li>\n<li>Obs\u0142uga formatu audio MP3, PCM, AAC<\/li>\n<li>Bezpiecze\u0144stwo SSL<\/li>\n<li>Z\u0142\u0105cza video: HDMI,\u00a09-pin Mini-DIN<\/li>\n<li>Z\u0142\u0105cza audio: Cyfrowe 5.1 SPDIF<\/li>\n<li>Z\u0142\u0105cza: Ethernet, USB 2.0<\/li>\n<li>Wymiary (szer\/g\u0142\/wys): 125 x 86 x 28 mm<\/li>\n<\/ul>\n<p>\u00a0<\/p>\n<p>\u00a0<\/p>\n<p><img decoding=\"async\" src=\"http:\/\/www.jambox.pl\/sites\/default\/files\/stb-moto1963-huge.jpg\" alt=\"\" \/><\/p>\n<h2>Motorola 1963 HD z dyskiem<\/h2>\n<p><b>MOTOROLA VIP1963 HD z dyskiem twardym<\/b> Urz\u0105dzenie Set-Top-Box firmy Motorola to wyspecjalizowany komputer umo\u017cliwiaj\u0105cy m.in. ogl\u0105danie telewizji w wysokiej rozdzielczo\u015bci HDTV. Ma mo\u017cliwo\u015b\u0107 korzystania z us\u0142ug on demand takich jak wypo\u017cyczalnia VOD. Motorola pozwala na korzystanie z Mo\u017cliwo\u015bci 3 Generacji. Posiada wszystkie mo\u017cliwo\u015bci modelu bez dysku a dodatkowo umo\u017cliwia nagrywanie film\u00f3w i program\u00f3w telewizyjnych. Ma wbudowany dysk twardy o pojemno\u015bci 320GB w pe\u0142ni do wykorzystania przez u\u017cytkownika. Pozwala na korzystanie z funkcji TimeShifting pozwalaj\u0105cej na zatrzymanie w dowolnym momencie programu telewizyjnego.<\/p>\n<p><b>Og\u00f3lna specyfikacja techniczna STB MOTOROLA:<\/b><\/p>\n<ul>\n<li>Oparty na systemie Linux<\/li>\n<li>Wysoka rozdzielczo\u015b\u0107 HDTV w trybach 1920x1080i oraz 1280x720p<\/li>\n<li>Obraz w standardach MPEG4 (H.264) oraz MPEG2<\/li>\n<li>Detekcja formatu panoramicznego TV<\/li>\n<li>D\u017awi\u0119k przestrzenny 5.1 Dolby Digital<\/li>\n<li>Obs\u0142uga formatu audio MP3, PCM, AC3, AAC<\/li>\n<li>Aplikacja u\u017cytkownika TV Portal pozwalaj\u0105ca na korzystanie z przewodnika EPG, przegl\u0105darki WWW, wypo\u017cyczalni VOD i innych us\u0142ug<\/li>\n<li>Bezpiecze\u0144stwo SSL<\/li>\n<li>Z\u0142\u0105cza video: HDMI z HDCP, Komponent , 2x EURO\/Scart<\/li>\n<li>Z\u0142\u0105cza audio: analogowe stereo, cyfrowe 5.1 optyczne i koncentryczne S\/PDIF<\/li>\n<li>Z\u0142\u0105cza: Ethernet i 2x USB 2.0<\/li>\n<li>Wymiary modelu VIP1963 (szer\/g\u0142\/wys): 252 x 178 x 57 mm<\/li>\n<li>W modelu 1963HD PVR &#8211; dysk twardy o pojemno\u015bci 320GB<\/li>\n<\/ul>\n<p>\u00a0<\/p>\n\n\n<h1 class=\"wp-block-heading\">Arris 2853 HD z opcj\u0105 dysku<\/h1>\n\n\n\n<p><img loading=\"lazy\" decoding=\"async\" width=\"920\" height=\"320\" alt=\"\" src=\"https:\/\/www.jambox.pl\/sites\/default\/files\/stb-moto2853-huge.jpg?1443449070\"><\/p>\n\n\n\n<p><strong>Arris VIP2853 HD z opcj\u0105 dysku<\/strong>&nbsp;Urz\u0105dzenie Set-Top-Box firmy Arris (dawniej Motorola) to wyspecjalizowany komputer umo\u017cliwiaj\u0105cy m.in. ogl\u0105danie telewizji w wysokiej rozdzielczo\u015bci HDTV. Ma mo\u017cliwo\u015b\u0107 korzystania z us\u0142ug on demand takich jak wypo\u017cyczalnia VOD. Motorola pozwala na korzystanie z Mo\u017cliwo\u015bci 3 Generacji. Po zainstalowaniu dedykowanego modu\u0142u dyskowego umo\u017cliwia nagrywanie film\u00f3w i program\u00f3w telewizyjnych. Pozwala na korzystanie z funkcji TimeShifting pozwalaj\u0105cej na zatrzymanie w dowolnym momencie programu telewizyjnego.<\/p>\n\n\n\n<p><strong>Og\u00f3lna specyfikacja techniczna:<\/strong><\/p>\n\n\n\n<ul class=\"wp-block-list\"><li>Mocny procesor 667MHz 1200&nbsp;DMIPS&nbsp;z zaawansowan\u0105 kart\u0105 graficzn\u0105 z dekoderem telewizji cyfrowej HD\/SD oraz wyj\u015bciem surround, zapewniaj\u0105cym d\u017awi\u0119k wysokiej jako\u015bci<\/li><li>512 MB pami\u0119ci DDR3<\/li><li>128 MB pami\u0119ci Flash<\/li><li>Wysoka rozdzielczo\u015b\u0107 HDTV w trybach 1920x1080i oraz 1280x720p<\/li><li>Obraz w standardach MPEG4 AVC (H.264) oraz MPEG2<\/li><li>D\u017awi\u0119k przestrzenny Dolby\u00ae Digital, MPEG-1 (MUSICAM), MP3, AAC LC, HE-AAC<\/li><li>Z\u0142\u0105cza video: HDMI z HDCP, EURO\/Scart<\/li><li>Z\u0142\u0105cza audio: analogowe stereo mini jack, cyfrowe 5.1 optyczne<\/li><li>Z\u0142\u0105cza: Ethernet i USB 2.0<\/li><li>Wymiary modelu VIP2853 (szer\/g\u0142\/wys): 190 x 130 x 41 mm<\/li><li>Wy\u015bwietlacz cyfrowy (godzina\/kana\u0142) i przyciski dotykowe*<\/li><li>Gniazdo instalacji modu\u0142u dyskowego 500GB<\/li><\/ul>\n\n\n\n<p>* W opcji<\/p>\n\n\n\n<h4 class=\"wp-block-heading\">Mo\u017cliwo\u015bci:<\/h4>\n\n\n\n<figure class=\"wp-block-table\"><table><tbody><tr><td>JAMBO Nagrywarka<br><a href=\"https:\/\/jambox.pl\/funkcja\/jambo-nagrywarka\"><\/a><\/td><td>Informacja o programie<br><a href=\"https:\/\/jambox.pl\/funkcja\/informacja-o-programie\"><\/a><\/td><td>Napisy i \u015bcie\u017cki d\u017awi\u0119kowe<br><a href=\"https:\/\/jambox.pl\/funkcja\/napisy-i-sciezki-dzwiekowe\"><\/a><\/td><\/tr><tr><td>Przewodnik po programach EPG<br><a href=\"https:\/\/jambox.pl\/funkcja\/przewodnik-po-programach-epg\"><\/a><\/td><td>Jako\u015b\u0107 obrazu Full HD<br><a href=\"https:\/\/jambox.pl\/funkcja\/jakosc-obrazu-hd\"><\/a><\/td><td>Nagrywarka multiPVR<br><a href=\"https:\/\/jambox.pl\/funkcja\/nagrywarka-multipvr\"><\/a><\/td><\/tr><tr><td>JAMBOX go!<br><a href=\"https:\/\/jambox.pl\/funkcja\/jambox-go\"><\/a><\/td><td>Menu g\u0142\u00f3wne i podr\u0119czne<br><a href=\"https:\/\/jambox.pl\/funkcja\/menu-przejdz-do\"><\/a><\/td><td>Nagrywarka PVR USB<br><a href=\"https:\/\/jambox.pl\/funkcja\/nagrywarka-pvr-usb\"><\/a><\/td><\/tr><tr><td>TV Portal<br><a href=\"https:\/\/jambox.pl\/funkcja\/tv-portal\"><\/a><\/td><td>Moja lista 100<br><a href=\"https:\/\/jambox.pl\/funkcja\/moja-lista-100\"><\/a><\/td><td>Nagrywanie czasowe\/cykliczne<br><a href=\"https:\/\/jambox.pl\/funkcja\/nagrywanie-czasowecykliczne\"><\/a><\/td><\/tr><tr><td>Ochrona rodzicielska<br><a href=\"https:\/\/jambox.pl\/funkcja\/ochrona-rodzicielska\"><\/a><\/td><td>Radio HD<br><a href=\"https:\/\/jambox.pl\/funkcja\/radio-hd\"><\/a><\/td><td>Wideo na \u017cyczenie VOD<br><a href=\"https:\/\/jambox.pl\/funkcja\/wideo-na-zyczenie-vod\"><\/a><\/td><\/tr><tr><td>Wyszukiwarka<br><a href=\"https:\/\/jambox.pl\/funkcja\/wyszukiwarka\"><\/a><\/td><td>Zamawianie z pilota<br><a href=\"https:\/\/jambox.pl\/funkcja\/zamawianie-z-pilota\"><\/a><\/td><td>Zatrzymywanie telewizji na \u017cywo (Time Shifting)<br><a href=\"https:\/\/jambox.pl\/funkcja\/zatrzymywanie-telewizji-na-zywo-time-shifting\"><\/a><\/td><\/tr><\/tbody><\/table><\/figure>\n\n\n\n<h1 class=\"wp-block-heading\">Arris 5305 4K<\/h1>\n\n\n\n<p><img loading=\"lazy\" decoding=\"async\" width=\"920\" height=\"320\" alt=\"\" src=\"https:\/\/www.jambox.pl\/sites\/default\/files\/stb-arris5305-huge.jpg?1540304686\"><\/p>\n\n\n\n<p>Najbardziej wydajny sprz\u0119t z mo\u017cliwo\u015bci\u0105 korzystania z technologii 4K.&nbsp;Oprogramowanie Kyanit z&nbsp;wygodnym&nbsp;i szybkim interfejsem u\u017cytkownika. Dekoder obs\u0142uguje tak\u017ce technologie:&nbsp;High Dynamic Range (HDR), 10-bitowy kolor z dekodowaniem HEVC.&nbsp;<\/p>\n\n\n\n<p><strong>Oferuje opcjonalne pod\u0142\u0105czenie dedykowanego dysku zewn\u0119trznego Arris DVR-One.<\/strong><br>&nbsp;<\/p>\n\n\n\n<p><strong>Og\u00f3lna specyfikacja techniczna dekodera Arris 5305 4K<\/strong><\/p>\n\n\n\n<ul class=\"wp-block-list\"><li>Szybki procesor&nbsp;14700&nbsp;DMIPS<\/li><li>Pami\u0119\u0107 RAM: DDR4&nbsp;2GB,&nbsp;Flash 512MB<\/li><li>Rozdzielczo\u015b\u0107 obrazu: 4K, Full HD, wsparcie dla technologii HDR10<\/li><li>Dekodowanie sygna\u0142u:&nbsp;MPEG1\/2\/4, wsparcie dla H.265,&nbsp;VP9<\/li><li>Obs\u0142uga formatu audio:&nbsp;EAC3, MPEG-1 (MUSICAM), MP3, AAC LC, HE-AAC<\/li><li>Sie\u0107: Ethernet<\/li><li>Z\u0142\u0105cza video: HDMI<\/li><li>Z\u0142\u0105cza: RJ45, Mini Jack&nbsp;TRRS (CVBS i R+L audio), USB 2.0<\/li><li>Wymiary (szer\/wys): 130&nbsp;x 26&nbsp;mm<\/li><\/ul>\n\n\n\n<h4 class=\"wp-block-heading\">Mo\u017cliwo\u015bci:<\/h4>\n\n\n\n<figure class=\"wp-block-table\"><table><tbody><tr><td>CatchUp &#8211; Archiwum TV<br><a href=\"https:\/\/jambox.pl\/funkcja\/catchup\"><\/a><\/td><td>JAMBO Nagrywarka<br><a href=\"https:\/\/jambox.pl\/funkcja\/jambo-nagrywarka\"><\/a><\/td><td>StartOver &#8211; Ogl\u0105daj od pocz\u0105tku<br><a href=\"https:\/\/jambox.pl\/funkcja\/startover\"><\/a><\/td><\/tr><tr><td>Informacja o programie<br><a href=\"https:\/\/jambox.pl\/funkcja\/informacja-o-programie\"><\/a><\/td><td>Napisy i \u015bcie\u017cki d\u017awi\u0119kowe<br><a href=\"https:\/\/jambox.pl\/funkcja\/napisy-i-sciezki-dzwiekowe\"><\/a><\/td><td>Przewodnik po programach EPG<br><a href=\"https:\/\/jambox.pl\/funkcja\/przewodnik-po-programach-epg\"><\/a><\/td><\/tr><tr><td>Jako\u015b\u0107 obrazu 4K<br><a href=\"https:\/\/jambox.pl\/funkcja\/jakosc-obrazu-4k\"><\/a><\/td><td>Jako\u015b\u0107 obrazu Full HD<br><a href=\"https:\/\/jambox.pl\/funkcja\/jakosc-obrazu-hd\"><\/a><\/td><td>JAMBOX go!<br><a href=\"https:\/\/jambox.pl\/funkcja\/jambox-go\"><\/a><\/td><\/tr><tr><td>Menu g\u0142\u00f3wne i podr\u0119czne<br><a href=\"https:\/\/jambox.pl\/funkcja\/menu-przejdz-do\"><\/a><\/td><td>Nagrywarka PVR USB<br><a href=\"https:\/\/jambox.pl\/funkcja\/nagrywarka-pvr-usb\"><\/a><\/td><td>TV Portal<br><a href=\"https:\/\/jambox.pl\/funkcja\/tv-portal\"><\/a><\/td><\/tr><tr><td>Moja lista 100<br><a href=\"https:\/\/jambox.pl\/funkcja\/moja-lista-100\"><\/a><\/td><td>Ochrona rodzicielska<br><a href=\"https:\/\/jambox.pl\/funkcja\/ochrona-rodzicielska\"><\/a><\/td><td>Wideo na \u017cyczenie VOD<br><a href=\"https:\/\/jambox.pl\/funkcja\/wideo-na-zyczenie-vod\"><\/a><\/td><\/tr><tr><td>Wyszukiwarka<br><a href=\"https:\/\/jambox.pl\/funkcja\/wyszukiwarka\"><\/a><\/td><td>Zamawianie z pilota<br><a href=\"https:\/\/jambox.pl\/funkcja\/zamawianie-z-pilota\"><\/a><\/td><td>Zatrzymywanie telewizji na \u017cywo (Time Shifting)<br><a href=\"https:\/\/jambox.pl\/funkcja\/zatrzymywanie-telewizji-na-zywo-time-shifting\"><\/a><\/td><\/tr><\/tbody><\/table><\/figure>\n","protected":false},"excerpt":{"rendered":"<p>Dekodery &#8211; Tw\u00f3j klucz do dobrej zabawy. W naszej sieci stosujemy poni\u017csze modele dekoder\u00f3w.Zapoznajcie si\u0119 z ich mo\u017cliwo\u015bciami. MAG 250 HD MAG250 HD\u00a0to najmniejszy model dekodera w ofercie JAMBOX. Umo\u017cliwia w wygodny spos\u00f3b ogl\u0105danie telewizji w wysokiej rozdzielczo\u015bci HDTV. Wyposa\u017cony w z\u0142\u0105cze HDMI idealnie wsp\u00f3\u0142pracuje z telewizorami LCD i plazmowymi. Umo\u017cliwia korzystanie z przydatnych i [&hellip;]<\/p>\n","protected":false},"author":11,"featured_media":883,"parent":662,"menu_order":0,"comment_status":"open","ping_status":"open","template":"page-tv.php","meta":{"_et_pb_use_builder":"","_et_pb_old_content":"","_et_gb_content_width":"","footnotes":""},"class_list":["post-879","page","type-page","status-publish","has-post-thumbnail","hentry"],"jetpack_sharing_enabled":true,"_links":{"self":[{"href":"https:\/\/plastcom.pl\/index.php?rest_route=\/wp\/v2\/pages\/879","targetHints":{"allow":["GET"]}}],"collection":[{"href":"https:\/\/plastcom.pl\/index.php?rest_route=\/wp\/v2\/pages"}],"about":[{"href":"https:\/\/plastcom.pl\/index.php?rest_route=\/wp\/v2\/types\/page"}],"author":[{"embeddable":true,"href":"https:\/\/plastcom.pl\/index.php?rest_route=\/wp\/v2\/users\/11"}],"replies":[{"embeddable":true,"href":"https:\/\/plastcom.pl\/index.php?rest_route=%2Fwp%2Fv2%2Fcomments&post=879"}],"version-history":[{"count":0,"href":"https:\/\/plastcom.pl\/index.php?rest_route=\/wp\/v2\/pages\/879\/revisions"}],"up":[{"embeddable":true,"href":"https:\/\/plastcom.pl\/index.php?rest_route=\/wp\/v2\/pages\/662"}],"wp:featuredmedia":[{"embeddable":true,"href":"https:\/\/plastcom.pl\/index.php?rest_route=\/wp\/v2\/media\/883"}],"wp:attachment":[{"href":"https:\/\/plastcom.pl\/index.php?rest_route=%2Fwp%2Fv2%2Fmedia&parent=879"}],"curies":[{"name":"wp","href":"https:\/\/api.w.org\/{rel}","templated":true}]}}