{"id":895,"date":"2011-05-20T13:31:48","date_gmt":"2011-05-20T13:31:48","guid":{"rendered":"http:\/\/plastcom.pl\/?page_id=895"},"modified":"2011-12-03T19:01:45","modified_gmt":"2011-12-03T19:01:45","slug":"wideo-na-zyczenie-vod-2","status":"publish","type":"page","link":"https:\/\/plastcom.pl\/?page_id=895","title":{"rendered":"Wideo na \u017cyczenie: VOD"},"content":{"rendered":"<h2>Kolekcje z <strong>filmami<\/strong> na wyci\u0105gni\u0119cie  <strong>pilota<\/strong>.<\/h2>\n<p>&nbsp;<\/p>\n\n\t\t\t<div class='et-tabs-container et_sliderfx_fade et_sliderauto_false et_sliderauto_speed_5000 et_slidertype_top_tabs'>\n\t\t\t\t<ul class='et-tabs-control'>\n\t\t\t<li><a href='#'>\n\t\t\tHBO On Demand\n\t\t<\/a><\/li> \n\t\t<li><a href='#'>\n\t\t\tYouTube\n\t\t<\/a><\/li> \n\t\t<li><a href='#'>\n\t\t\tDarmowe VOD\n\t\t<\/a><\/li>\n\t\t<\/ul> \n\t\t<div class='et-tabs-content'>\n\t\t\t<div class='et-tabs-content-main-wrap'>\n\t\t\t\t<div class='et-tabs-content-wrapper'>\n\t\t\t\t\t<div class='et_slidecontent'>\n\t\t\t<a href=\"https:\/\/plastcom.pl\/wp-content\/uploads\/2011\/05\/hboondemand.jpg\"><img loading=\"lazy\" decoding=\"async\" class=\"alignleft\" title=\"hboondemand\" src=\"https:\/\/plastcom.pl\/wp-content\/uploads\/2011\/05\/hboondemand.jpg\" alt=\"\" width=\"260\" height=\"208\" \/><\/a>HBO  On Demand pozwala decydowa\u0107 u\u017cytkownikowi co chce w danej chwili   ogl\u0105da\u0107, niezale\u017cnie od emisji telewizyjnej kana\u0142\u00f3w HBO.  Oferta   programowa obejmuje najwi\u0119ksze przeboje filmowe, znakomite seriale   produkcji HBO (od pierwszego sezonu) oraz programy rozrywkowe. Oferta   produkcji dost\u0119pnych w ramach us\u0142ugi &#8222;wideo na \u017c\u0105danie&#8221; jest cz\u0119sto   zmieniana i od\u015bwie\u017cana. HBO On Demand umo\u017cliwia dodatkowo korzystanie z   funkcji, jakie oferuje DVD: przewijanie, cofanie, pauza.<\/p>\n<p>HBO On Demand jest dost\u0119pne dla wszystkich abonent\u00f3w z wykupionym   pakietem HBO za dodatkow\u0105 op\u0142at\u0105. Aby korzysta\u0107 z VOD w JAMBOX nie jest   potrzebny dekoder z dyskiem. Us\u0142uga jest ju\u017c dost\u0119pna na dekoderach   Motorola oraz ZyXEL HD.\n<strong><\/strong>\n\t\t<\/div>\n \n\t\t<div class='et_slidecontent'>\n\t\t\t<a href=\"https:\/\/plastcom.pl\/wp-content\/uploads\/2011\/05\/feat-youtube.jpg\"><img decoding=\"async\" class=\"alignleft size-full wp-image-900\" title=\"feat-youtube\" src=\"https:\/\/plastcom.pl\/wp-content\/uploads\/2011\/05\/feat-youtube.jpg\" alt=\"\" width=\"260\" \/><\/a>Dost\u0119p do najpopularniejszych filmik\u00f3w ze znanego internetowego portalu wideo. Codziennie aktualizowane.\n\t\t<\/div> \n\t\t<div class='et_slidecontent'>\n\t\t\t<a href=\"https:\/\/plastcom.pl\/wp-content\/uploads\/2011\/05\/voddarmowe.jpg\"><img decoding=\"async\" class=\"alignleft size-full wp-image-901\" title=\"voddarmowe\" src=\"https:\/\/plastcom.pl\/wp-content\/uploads\/2011\/05\/voddarmowe.jpg\" alt=\"\" width=\"260\" \/><\/a>W\u0142asna biblioteka materia\u0142\u00f3w wideo, dost\u0119pna dla abonent\u00f3w za darmo.\n\t\t<\/div>\n\t\t\t\t<\/div>\n\t\t\t<\/div>\n\t\t<\/div>\n\t\t\t<\/div>\n<p>&nbsp;<\/p>\n","protected":false},"excerpt":{"rendered":"<p>Kolekcje z filmami na wyci\u0105gni\u0119cie pilota. &nbsp; &nbsp;<\/p>\n","protected":false},"author":11,"featured_media":901,"parent":662,"menu_order":0,"comment_status":"open","ping_status":"open","template":"page-tv.php","meta":{"_et_pb_use_builder":"","_et_pb_old_content":"","_et_gb_content_width":"","footnotes":""},"class_list":["post-895","page","type-page","status-publish","has-post-thumbnail","hentry"],"jetpack_sharing_enabled":true,"_links":{"self":[{"href":"https:\/\/plastcom.pl\/index.php?rest_route=\/wp\/v2\/pages\/895","targetHints":{"allow":["GET"]}}],"collection":[{"href":"https:\/\/plastcom.pl\/index.php?rest_route=\/wp\/v2\/pages"}],"about":[{"href":"https:\/\/plastcom.pl\/index.php?rest_route=\/wp\/v2\/types\/page"}],"author":[{"embeddable":true,"href":"https:\/\/plastcom.pl\/index.php?rest_route=\/wp\/v2\/users\/11"}],"replies":[{"embeddable":true,"href":"https:\/\/plastcom.pl\/index.php?rest_route=%2Fwp%2Fv2%2Fcomments&post=895"}],"version-history":[{"count":0,"href":"https:\/\/plastcom.pl\/index.php?rest_route=\/wp\/v2\/pages\/895\/revisions"}],"up":[{"embeddable":true,"href":"https:\/\/plastcom.pl\/index.php?rest_route=\/wp\/v2\/pages\/662"}],"wp:featuredmedia":[{"embeddable":true,"href":"https:\/\/plastcom.pl\/index.php?rest_route=\/wp\/v2\/media\/901"}],"wp:attachment":[{"href":"https:\/\/plastcom.pl\/index.php?rest_route=%2Fwp%2Fv2%2Fmedia&parent=895"}],"curies":[{"name":"wp","href":"https:\/\/api.w.org\/{rel}","templated":true}]}}